{"id":172,"date":"2025-12-15T08:47:16","date_gmt":"2025-12-15T08:47:16","guid":{"rendered":"https:\/\/dvls.estaciondiseno.es\/?page_id=172"},"modified":"2026-02-04T14:15:43","modified_gmt":"2026-02-04T14:15:43","slug":"inicio","status":"publish","type":"page","link":"https:\/\/dvls.estaciondiseno.es\/","title":{"rendered":"INICIO"},"content":{"rendered":"\t\t<div data-elementor-type=\"wp-page\" data-elementor-id=\"172\" class=\"elementor elementor-172\" data-elementor-post-type=\"page\">\n\t\t\t\t\t\t<section class=\"elementor-section elementor-top-section elementor-element elementor-element-b692873 elementor-section-boxed elementor-section-height-default elementor-section-height-default\" data-id=\"b692873\" data-element_type=\"section\">\n\t\t\t\t\t\t<div class=\"elementor-container elementor-column-gap-default\">\n\t\t\t\t\t<div class=\"elementor-column elementor-col-100 elementor-top-column elementor-element elementor-element-fe7dbe2\" data-id=\"fe7dbe2\" data-element_type=\"column\">\n\t\t\t<div class=\"elementor-widget-wrap elementor-element-populated\">\n\t\t\t\t\t\t<div class=\"elementor-element elementor-element-950f5dc elementor-widget elementor-widget-heading\" data-id=\"950f5dc\" data-element_type=\"widget\" data-widget_type=\"heading.default\">\n\t\t\t\t<div class=\"elementor-widget-container\">\n\t\t\t\t\t<h2 class=\"elementor-heading-title elementor-size-default\">INICIO<\/h2>\t\t\t\t<\/div>\n\t\t\t\t<\/div>\n\t\t\t\t\t<\/div>\n\t\t<\/div>\n\t\t\t\t\t<\/div>\n\t\t<\/section>\n\t\t\t\t<section class=\"elementor-section elementor-top-section elementor-element elementor-element-5a721e8 elementor-section-boxed elementor-section-height-default elementor-section-height-default\" data-id=\"5a721e8\" data-element_type=\"section\">\n\t\t\t\t\t\t<div class=\"elementor-container elementor-column-gap-default\">\n\t\t\t\t\t<div class=\"elementor-column elementor-col-100 elementor-top-column elementor-element elementor-element-2519991\" data-id=\"2519991\" data-element_type=\"column\">\n\t\t\t<div class=\"elementor-widget-wrap elementor-element-populated\">\n\t\t\t\t\t\t<div class=\"elementor-element elementor-element-a08e3e3 elementor--h-position-center elementor--v-position-middle elementor-arrows-position-inside elementor-pagination-position-inside elementor-widget elementor-widget-slides\" data-id=\"a08e3e3\" data-element_type=\"widget\" data-settings=\"{&quot;navigation&quot;:&quot;both&quot;,&quot;autoplay&quot;:&quot;yes&quot;,&quot;pause_on_hover&quot;:&quot;yes&quot;,&quot;pause_on_interaction&quot;:&quot;yes&quot;,&quot;autoplay_speed&quot;:5000,&quot;infinite&quot;:&quot;yes&quot;,&quot;transition&quot;:&quot;slide&quot;,&quot;transition_speed&quot;:500}\" data-widget_type=\"slides.default\">\n\t\t\t\t<div class=\"elementor-widget-container\">\n\t\t\t\t\t\t\t\t\t<div class=\"elementor-swiper\">\n\t\t\t\t\t<div class=\"elementor-slides-wrapper elementor-main-swiper swiper\" role=\"region\" aria-roledescription=\"carousel\" aria-label=\"PROYECTOS\" dir=\"ltr\" data-animation=\"fadeInUp\">\n\t\t\t\t<div class=\"swiper-wrapper elementor-slides\">\n\t\t\t\t\t\t\t\t\t\t<div class=\"elementor-repeater-item-2b61642 swiper-slide\" role=\"group\" aria-roledescription=\"slide\"><div class=\"swiper-slide-bg\" role=\"img\"><\/div><div class=\"elementor-background-overlay\"><\/div><a class=\"swiper-slide-inner\" href=\"https:\/\/dvls.estaciondiseno.es\/index.php\/la-ciudad-del-agua\/\"><div class=\"swiper-slide-contents\"><div class=\"elementor-slide-heading\">La Ciudad del Agua<\/div><div class=\"elementor-slide-description\">Colecci\u00f3n experimental inspirada en Priego de C\u00f3rdoba, localidad de la subb\u00e9tica.<\/div><div  class=\"elementor-button elementor-slide-button elementor-size-xs\">+<\/div><\/div><\/a><\/div><div class=\"elementor-repeater-item-f12af4f swiper-slide\" role=\"group\" aria-roledescription=\"slide\"><div class=\"swiper-slide-bg\" role=\"img\"><\/div><div class=\"elementor-background-overlay\"><\/div><a class=\"swiper-slide-inner\" href=\"https:\/\/dvls.estaciondiseno.es\/index.php\/caresse\/\"><div class=\"swiper-slide-contents\"><div class=\"elementor-slide-heading\">Caresse<\/div><div class=\"elementor-slide-description\">Vestido con est\u00e9tica nupcial creado para el evento de Belmoda 2025, en Granada.<\/div><div  class=\"elementor-button elementor-slide-button elementor-size-xs\">+<\/div><\/div><\/a><\/div><div class=\"elementor-repeater-item-585fbb0 swiper-slide\" role=\"group\" aria-roledescription=\"slide\"><div class=\"swiper-slide-bg\" role=\"img\"><\/div><div class=\"elementor-background-overlay\"><\/div><a class=\"swiper-slide-inner\" href=\"https:\/\/dvls.estaciondiseno.es\/index.php\/elementor-pagina-285\/\"><div class=\"swiper-slide-contents\"><div class=\"elementor-slide-heading\">Welcome Back Ziggy<\/div><div class=\"elementor-slide-description\">Colecci\u00f3n pr\u00eat-a-porter inpirada en la figura del cantante David Bowie y en su ic\u00f3nico estilo.<\/div><div  class=\"elementor-button elementor-slide-button elementor-size-xs\">+<\/div><\/div><\/a><\/div><div class=\"elementor-repeater-item-71ce8ff swiper-slide\" role=\"group\" aria-roledescription=\"slide\"><div class=\"swiper-slide-bg\" role=\"img\"><\/div><div class=\"elementor-background-overlay\"><\/div><a class=\"swiper-slide-inner\" href=\"https:\/\/dvls.estaciondiseno.es\/index.php\/claudia\/\"><div class=\"swiper-slide-contents\"><div class=\"elementor-slide-heading\">Claudia<\/div><div class=\"elementor-slide-description\">Vestido de flamenca inspirado en el Barroco y en el claro oscuro de la \u00e9poca, finalista de Pasarela Granada Flamenca.<\/div><div  class=\"elementor-button elementor-slide-button elementor-size-xs\">+<\/div><\/div><\/a><\/div>\t\t\t\t<\/div>\n\t\t\t\t\t\t\t\t\t\t\t\t\t\t\t<div class=\"elementor-swiper-button elementor-swiper-button-prev\" role=\"button\" tabindex=\"0\" aria-label=\"Previous slide\">\n\t\t\t\t\t\t\t<i aria-hidden=\"true\" class=\"eicon-chevron-left\"><\/i>\t\t\t\t\t\t<\/div>\n\t\t\t\t\t\t<div class=\"elementor-swiper-button elementor-swiper-button-next\" role=\"button\" tabindex=\"0\" aria-label=\"Next slide\">\n\t\t\t\t\t\t\t<i aria-hidden=\"true\" class=\"eicon-chevron-right\"><\/i>\t\t\t\t\t\t<\/div>\n\t\t\t\t\t\t\t\t\t\t\t\t\t\t\t\t<div class=\"swiper-pagination\"><\/div>\n\t\t\t\t\t\t\t\t\t\t\t\t<\/div>\n\t\t\t\t<\/div>\n\t\t\t\t\t\t\t\t<\/div>\n\t\t\t\t<\/div>\n\t\t\t\t\t<\/div>\n\t\t<\/div>\n\t\t\t\t\t<\/div>\n\t\t<\/section>\n\t\t\t\t<section class=\"elementor-section elementor-top-section elementor-element elementor-element-0b89c09 elementor-section-boxed elementor-section-height-default elementor-section-height-default\" data-id=\"0b89c09\" data-element_type=\"section\">\n\t\t\t\t\t\t<div class=\"elementor-container elementor-column-gap-default\">\n\t\t\t\t\t<div class=\"elementor-column elementor-col-50 elementor-top-column elementor-element elementor-element-6baf694\" data-id=\"6baf694\" data-element_type=\"column\">\n\t\t\t<div class=\"elementor-widget-wrap elementor-element-populated\">\n\t\t\t\t\t\t<div class=\"elementor-element elementor-element-b3abd70 elementor-widget-tablet__width-initial elementor-widget-mobile__width-initial elementor--h-position-center elementor--v-position-middle elementor-arrows-position-inside elementor-pagination-position-inside elementor-widget elementor-widget-slides\" data-id=\"b3abd70\" data-element_type=\"widget\" data-settings=\"{&quot;navigation&quot;:&quot;both&quot;,&quot;autoplay&quot;:&quot;yes&quot;,&quot;pause_on_hover&quot;:&quot;yes&quot;,&quot;pause_on_interaction&quot;:&quot;yes&quot;,&quot;autoplay_speed&quot;:5000,&quot;infinite&quot;:&quot;yes&quot;,&quot;transition&quot;:&quot;slide&quot;,&quot;transition_speed&quot;:500}\" data-widget_type=\"slides.default\">\n\t\t\t\t<div class=\"elementor-widget-container\">\n\t\t\t\t\t\t\t\t\t<div class=\"elementor-swiper\">\n\t\t\t\t\t<div class=\"elementor-slides-wrapper elementor-main-swiper swiper\" role=\"region\" aria-roledescription=\"carousel\" aria-label=\"Slides\" dir=\"ltr\" data-animation=\"fadeInUp\">\n\t\t\t\t<div class=\"swiper-wrapper elementor-slides\">\n\t\t\t\t\t\t\t\t\t\t<div class=\"elementor-repeater-item-b97cab2 swiper-slide\" role=\"group\" aria-roledescription=\"slide\"><div class=\"swiper-slide-bg\" role=\"img\"><\/div><div class=\"elementor-background-overlay\"><\/div><a class=\"swiper-slide-inner\" href=\"https:\/\/dvls.estaciondiseno.es\/index.php\/panuelos\/\"><div class=\"swiper-slide-contents\"><div class=\"elementor-slide-heading\">Pa\u00d1UELOS <\/div><div  class=\"elementor-button elementor-slide-button elementor-size-xs\">+<\/div><\/div><\/a><\/div><div class=\"elementor-repeater-item-3727877 swiper-slide\" role=\"group\" aria-roledescription=\"slide\"><div class=\"swiper-slide-bg\" role=\"img\"><\/div><div class=\"elementor-background-overlay\"><\/div><a class=\"swiper-slide-inner\" href=\"https:\/\/dvls.estaciondiseno.es\/index.php\/tocado\/\"><div class=\"swiper-slide-contents\"><div class=\"elementor-slide-heading\">tocado<\/div><div  class=\"elementor-button elementor-slide-button elementor-size-xs\">+<\/div><\/div><\/a><\/div><div class=\"elementor-repeater-item-068495c swiper-slide\" role=\"group\" aria-roledescription=\"slide\"><div class=\"swiper-slide-bg\" role=\"img\"><\/div><div class=\"elementor-background-overlay\"><\/div><a class=\"swiper-slide-inner\" href=\"https:\/\/dvls.estaciondiseno.es\/index.php\/camisetas\/\"><div class=\"swiper-slide-contents\"><div class=\"elementor-slide-heading\">CAMISETAS<\/div><div  class=\"elementor-button elementor-slide-button elementor-size-xs\">+<\/div><\/div><\/a><\/div>\t\t\t\t<\/div>\n\t\t\t\t\t\t\t\t\t\t\t\t\t\t\t<div class=\"elementor-swiper-button elementor-swiper-button-prev\" role=\"button\" tabindex=\"0\" aria-label=\"Previous slide\">\n\t\t\t\t\t\t\t<i aria-hidden=\"true\" class=\"eicon-chevron-left\"><\/i>\t\t\t\t\t\t<\/div>\n\t\t\t\t\t\t<div class=\"elementor-swiper-button elementor-swiper-button-next\" role=\"button\" tabindex=\"0\" aria-label=\"Next slide\">\n\t\t\t\t\t\t\t<i aria-hidden=\"true\" class=\"eicon-chevron-right\"><\/i>\t\t\t\t\t\t<\/div>\n\t\t\t\t\t\t\t\t\t\t\t\t\t\t\t\t<div class=\"swiper-pagination\"><\/div>\n\t\t\t\t\t\t\t\t\t\t\t\t<\/div>\n\t\t\t\t<\/div>\n\t\t\t\t\t\t\t\t<\/div>\n\t\t\t\t<\/div>\n\t\t\t\t\t<\/div>\n\t\t<\/div>\n\t\t\t\t<div class=\"elementor-column elementor-col-50 elementor-top-column elementor-element elementor-element-adcbcf3\" data-id=\"adcbcf3\" data-element_type=\"column\">\n\t\t\t<div class=\"elementor-widget-wrap elementor-element-populated\">\n\t\t\t\t\t\t<div class=\"elementor-element elementor-element-9005df1 elementor-widget-tablet__width-initial elementor-widget-mobile__width-initial elementor--h-position-center elementor--v-position-middle elementor-arrows-position-inside elementor-pagination-position-inside elementor-widget elementor-widget-slides\" data-id=\"9005df1\" data-element_type=\"widget\" data-settings=\"{&quot;navigation&quot;:&quot;both&quot;,&quot;autoplay&quot;:&quot;yes&quot;,&quot;pause_on_hover&quot;:&quot;yes&quot;,&quot;pause_on_interaction&quot;:&quot;yes&quot;,&quot;autoplay_speed&quot;:5000,&quot;infinite&quot;:&quot;yes&quot;,&quot;transition&quot;:&quot;slide&quot;,&quot;transition_speed&quot;:500}\" data-widget_type=\"slides.default\">\n\t\t\t\t<div class=\"elementor-widget-container\">\n\t\t\t\t\t\t\t\t\t<div class=\"elementor-swiper\">\n\t\t\t\t\t<div class=\"elementor-slides-wrapper elementor-main-swiper swiper\" role=\"region\" aria-roledescription=\"carousel\" aria-label=\"SOBRE M\u00cd\" dir=\"ltr\" data-animation=\"zoomIn\">\n\t\t\t\t<div class=\"swiper-wrapper elementor-slides\">\n\t\t\t\t\t\t\t\t\t\t<div class=\"elementor-repeater-item-a027cbb swiper-slide\" role=\"group\" aria-roledescription=\"slide\"><div class=\"swiper-slide-bg elementor-ken-burns elementor-ken-burns--in\" role=\"img\"><\/div><div class=\"elementor-background-overlay\"><\/div><a class=\"swiper-slide-inner\" href=\"https:\/\/dvls.estaciondiseno.es\/index.php\/elementor-pagina-215\/\"><div class=\"swiper-slide-contents\"><div class=\"elementor-slide-heading\">sobre m\u00ed<\/div><div  class=\"elementor-button elementor-slide-button elementor-size-xs\">+<\/div><\/div><\/a><\/div>\t\t\t\t<\/div>\n\t\t\t\t\t\t\t<\/div>\n\t\t\t\t<\/div>\n\t\t\t\t\t\t\t\t<\/div>\n\t\t\t\t<\/div>\n\t\t\t\t\t<\/div>\n\t\t<\/div>\n\t\t\t\t\t<\/div>\n\t\t<\/section>\n\t\t\t\t<section class=\"elementor-section elementor-top-section elementor-element elementor-element-8bdf7dc elementor-section-boxed elementor-section-height-default elementor-section-height-default\" data-id=\"8bdf7dc\" data-element_type=\"section\">\n\t\t\t\t\t\t<div class=\"elementor-container elementor-column-gap-default\">\n\t\t\t\t\t<div class=\"elementor-column elementor-col-100 elementor-top-column elementor-element elementor-element-a6731cc\" data-id=\"a6731cc\" data-element_type=\"column\">\n\t\t\t<div class=\"elementor-widget-wrap\">\n\t\t\t\t\t\t\t<\/div>\n\t\t<\/div>\n\t\t\t\t\t<\/div>\n\t\t<\/section>\n\t\t\t\t<\/div>\n\t\t","protected":false},"excerpt":{"rendered":"<p>INICIO La Ciudad del AguaColecci\u00f3n experimental inspirada en Priego de C\u00f3rdoba, localidad de la subb\u00e9tica.+CaresseVestido con est\u00e9tica nupcial creado para el evento de Belmoda 2025, en Granada.+Welcome Back ZiggyColecci\u00f3n pr\u00eat-a-porter inpirada en la figura del cantante David Bowie y en su ic\u00f3nico estilo.+ClaudiaVestido de flamenca inspirado en el Barroco y en el claro oscuro de &hellip; <\/p>\n<p class=\"link-more\"><a href=\"https:\/\/dvls.estaciondiseno.es\/\" class=\"more-link\">Leer m\u00e1s<span class=\"screen-reader-text\"> \u00abINICIO\u00bb<\/span><\/a><\/p>\n","protected":false},"author":1,"featured_media":0,"parent":0,"menu_order":0,"comment_status":"closed","ping_status":"closed","template":"","meta":{"footnotes":""},"class_list":["post-172","page","type-page","status-publish","hentry"],"yoast_head":"<!-- This site is optimized with the Yoast SEO Premium plugin v20.12 (Yoast SEO v20.12) - https:\/\/yoast.com\/wordpress\/plugins\/seo\/ -->\n<title>INICIO -<\/title>\n<meta name=\"robots\" content=\"index, follow, max-snippet:-1, max-image-preview:large, max-video-preview:-1\" \/>\n<link rel=\"canonical\" href=\"https:\/\/dvls.estaciondiseno.es\/\" \/>\n<meta property=\"og:locale\" content=\"es_ES\" \/>\n<meta property=\"og:type\" content=\"article\" \/>\n<meta property=\"og:title\" content=\"INICIO\" \/>\n<meta property=\"og:description\" content=\"INICIO La Ciudad del AguaColecci\u00f3n experimental inspirada en Priego de C\u00f3rdoba, localidad de la subb\u00e9tica.+CaresseVestido con est\u00e9tica nupcial creado para el evento de Belmoda 2025, en Granada.+Welcome Back ZiggyColecci\u00f3n pr\u00eat-a-porter inpirada en la figura del cantante David Bowie y en su ic\u00f3nico estilo.+ClaudiaVestido de flamenca inspirado en el Barroco y en el claro oscuro de &hellip; Leer m\u00e1s \u00abINICIO\u00bb\" \/>\n<meta property=\"og:url\" content=\"https:\/\/dvls.estaciondiseno.es\/\" \/>\n<meta property=\"article:modified_time\" content=\"2026-02-04T14:15:43+00:00\" \/>\n<meta name=\"twitter:card\" content=\"summary_large_image\" \/>\n<meta name=\"twitter:label1\" content=\"Tiempo de lectura\" \/>\n\t<meta name=\"twitter:data1\" content=\"1 minuto\" \/>\n<script type=\"application\/ld+json\" class=\"yoast-schema-graph\">{\"@context\":\"https:\/\/schema.org\",\"@graph\":[{\"@type\":\"WebPage\",\"@id\":\"https:\/\/dvls.estaciondiseno.es\/\",\"url\":\"https:\/\/dvls.estaciondiseno.es\/\",\"name\":\"INICIO -\",\"isPartOf\":{\"@id\":\"https:\/\/dvls.estaciondiseno.es\/#website\"},\"datePublished\":\"2025-12-15T08:47:16+00:00\",\"dateModified\":\"2026-02-04T14:15:43+00:00\",\"breadcrumb\":{\"@id\":\"https:\/\/dvls.estaciondiseno.es\/#breadcrumb\"},\"inLanguage\":\"es\",\"potentialAction\":[{\"@type\":\"ReadAction\",\"target\":[\"https:\/\/dvls.estaciondiseno.es\/\"]}]},{\"@type\":\"BreadcrumbList\",\"@id\":\"https:\/\/dvls.estaciondiseno.es\/#breadcrumb\",\"itemListElement\":[{\"@type\":\"ListItem\",\"position\":1,\"name\":\"Home\",\"item\":\"https:\/\/dvls.estaciondiseno.es\/\"},{\"@type\":\"ListItem\",\"position\":2,\"name\":\"INICIO\"}]},{\"@type\":\"WebSite\",\"@id\":\"https:\/\/dvls.estaciondiseno.es\/#website\",\"url\":\"https:\/\/dvls.estaciondiseno.es\/\",\"name\":\"\",\"description\":\"\",\"potentialAction\":[{\"@type\":\"SearchAction\",\"target\":{\"@type\":\"EntryPoint\",\"urlTemplate\":\"https:\/\/dvls.estaciondiseno.es\/?s={search_term_string}\"},\"query-input\":\"required name=search_term_string\"}],\"inLanguage\":\"es\"}]}<\/script>\n<!-- \/ Yoast SEO Premium plugin. -->","yoast_head_json":{"title":"INICIO -","robots":{"index":"index","follow":"follow","max-snippet":"max-snippet:-1","max-image-preview":"max-image-preview:large","max-video-preview":"max-video-preview:-1"},"canonical":"https:\/\/dvls.estaciondiseno.es\/","og_locale":"es_ES","og_type":"article","og_title":"INICIO","og_description":"INICIO La Ciudad del AguaColecci\u00f3n experimental inspirada en Priego de C\u00f3rdoba, localidad de la subb\u00e9tica.+CaresseVestido con est\u00e9tica nupcial creado para el evento de Belmoda 2025, en Granada.+Welcome Back ZiggyColecci\u00f3n pr\u00eat-a-porter inpirada en la figura del cantante David Bowie y en su ic\u00f3nico estilo.+ClaudiaVestido de flamenca inspirado en el Barroco y en el claro oscuro de &hellip; Leer m\u00e1s \u00abINICIO\u00bb","og_url":"https:\/\/dvls.estaciondiseno.es\/","article_modified_time":"2026-02-04T14:15:43+00:00","twitter_card":"summary_large_image","twitter_misc":{"Tiempo de lectura":"1 minuto"},"schema":{"@context":"https:\/\/schema.org","@graph":[{"@type":"WebPage","@id":"https:\/\/dvls.estaciondiseno.es\/","url":"https:\/\/dvls.estaciondiseno.es\/","name":"INICIO -","isPartOf":{"@id":"https:\/\/dvls.estaciondiseno.es\/#website"},"datePublished":"2025-12-15T08:47:16+00:00","dateModified":"2026-02-04T14:15:43+00:00","breadcrumb":{"@id":"https:\/\/dvls.estaciondiseno.es\/#breadcrumb"},"inLanguage":"es","potentialAction":[{"@type":"ReadAction","target":["https:\/\/dvls.estaciondiseno.es\/"]}]},{"@type":"BreadcrumbList","@id":"https:\/\/dvls.estaciondiseno.es\/#breadcrumb","itemListElement":[{"@type":"ListItem","position":1,"name":"Home","item":"https:\/\/dvls.estaciondiseno.es\/"},{"@type":"ListItem","position":2,"name":"INICIO"}]},{"@type":"WebSite","@id":"https:\/\/dvls.estaciondiseno.es\/#website","url":"https:\/\/dvls.estaciondiseno.es\/","name":"","description":"","potentialAction":[{"@type":"SearchAction","target":{"@type":"EntryPoint","urlTemplate":"https:\/\/dvls.estaciondiseno.es\/?s={search_term_string}"},"query-input":"required name=search_term_string"}],"inLanguage":"es"}]}},"_links":{"self":[{"href":"https:\/\/dvls.estaciondiseno.es\/index.php\/wp-json\/wp\/v2\/pages\/172","targetHints":{"allow":["GET"]}}],"collection":[{"href":"https:\/\/dvls.estaciondiseno.es\/index.php\/wp-json\/wp\/v2\/pages"}],"about":[{"href":"https:\/\/dvls.estaciondiseno.es\/index.php\/wp-json\/wp\/v2\/types\/page"}],"author":[{"embeddable":true,"href":"https:\/\/dvls.estaciondiseno.es\/index.php\/wp-json\/wp\/v2\/users\/1"}],"replies":[{"embeddable":true,"href":"https:\/\/dvls.estaciondiseno.es\/index.php\/wp-json\/wp\/v2\/comments?post=172"}],"version-history":[{"count":92,"href":"https:\/\/dvls.estaciondiseno.es\/index.php\/wp-json\/wp\/v2\/pages\/172\/revisions"}],"predecessor-version":[{"id":513,"href":"https:\/\/dvls.estaciondiseno.es\/index.php\/wp-json\/wp\/v2\/pages\/172\/revisions\/513"}],"wp:attachment":[{"href":"https:\/\/dvls.estaciondiseno.es\/index.php\/wp-json\/wp\/v2\/media?parent=172"}],"curies":[{"name":"wp","href":"https:\/\/api.w.org\/{rel}","templated":true}]}}