{"id":215,"date":"2025-12-16T13:47:01","date_gmt":"2025-12-16T13:47:01","guid":{"rendered":"https:\/\/dvls.estaciondiseno.es\/?page_id=215"},"modified":"2026-02-04T15:58:28","modified_gmt":"2026-02-04T15:58:28","slug":"elementor-pagina-215","status":"publish","type":"page","link":"https:\/\/dvls.estaciondiseno.es\/index.php\/elementor-pagina-215\/","title":{"rendered":"SOBRE M\u00cd"},"content":{"rendered":"\t\t<div data-elementor-type=\"wp-page\" data-elementor-id=\"215\" class=\"elementor elementor-215\" data-elementor-post-type=\"page\">\n\t\t\t\t\t\t<section class=\"elementor-section elementor-top-section elementor-element elementor-element-1446980 elementor-section-boxed elementor-section-height-default elementor-section-height-default\" data-id=\"1446980\" data-element_type=\"section\">\n\t\t\t\t\t\t<div class=\"elementor-container elementor-column-gap-default\">\n\t\t\t\t\t<div class=\"elementor-column elementor-col-100 elementor-top-column elementor-element elementor-element-3637997\" data-id=\"3637997\" data-element_type=\"column\">\n\t\t\t<div class=\"elementor-widget-wrap elementor-element-populated\">\n\t\t\t\t\t\t<div class=\"elementor-element elementor-element-9013c0b elementor-widget elementor-widget-heading\" data-id=\"9013c0b\" data-element_type=\"widget\" data-widget_type=\"heading.default\">\n\t\t\t\t<div class=\"elementor-widget-container\">\n\t\t\t\t\t<h2 class=\"elementor-heading-title elementor-size-default\">SOBRE M\u00cd<\/h2>\t\t\t\t<\/div>\n\t\t\t\t<\/div>\n\t\t\t\t\t<\/div>\n\t\t<\/div>\n\t\t\t\t\t<\/div>\n\t\t<\/section>\n\t\t\t\t<section class=\"elementor-section elementor-top-section elementor-element elementor-element-038a66c elementor-section-boxed elementor-section-height-default elementor-section-height-default\" data-id=\"038a66c\" data-element_type=\"section\">\n\t\t\t\t\t\t<div class=\"elementor-container elementor-column-gap-default\">\n\t\t\t\t\t<div class=\"elementor-column elementor-col-33 elementor-top-column elementor-element elementor-element-8214e7b\" data-id=\"8214e7b\" data-element_type=\"column\">\n\t\t\t<div class=\"elementor-widget-wrap elementor-element-populated\">\n\t\t\t\t\t\t<div class=\"elementor-element elementor-element-9f850d2 elementor-widget__width-initial elementor-widget elementor-widget-image\" data-id=\"9f850d2\" data-element_type=\"widget\" data-widget_type=\"image.default\">\n\t\t\t\t<div class=\"elementor-widget-container\">\n\t\t\t\t\t\t\t\t\t\t\t\t\t\t\t<img fetchpriority=\"high\" decoding=\"async\" width=\"1093\" height=\"1536\" src=\"https:\/\/dvls.estaciondiseno.es\/wp-content\/uploads\/2025\/12\/tetet-scaled-1093x1536.png\" class=\"attachment-1536x1536 size-1536x1536 wp-image-227\" alt=\"\" srcset=\"https:\/\/dvls.estaciondiseno.es\/wp-content\/uploads\/2025\/12\/tetet-scaled-1093x1536.png 1093w, https:\/\/dvls.estaciondiseno.es\/wp-content\/uploads\/2025\/12\/tetet-213x300.png 213w, https:\/\/dvls.estaciondiseno.es\/wp-content\/uploads\/2025\/12\/tetet-728x1024.png 728w, https:\/\/dvls.estaciondiseno.es\/wp-content\/uploads\/2025\/12\/tetet-scaled-1457x2048.png 1457w, https:\/\/dvls.estaciondiseno.es\/wp-content\/uploads\/2025\/12\/tetet-scaled.png 1821w\" sizes=\"100vw\" \/>\t\t\t\t\t\t\t\t\t\t\t\t\t\t\t<\/div>\n\t\t\t\t<\/div>\n\t\t\t\t\t<\/div>\n\t\t<\/div>\n\t\t\t\t<div class=\"elementor-column elementor-col-66 elementor-top-column elementor-element elementor-element-94ba95d\" data-id=\"94ba95d\" data-element_type=\"column\">\n\t\t\t<div class=\"elementor-widget-wrap elementor-element-populated\">\n\t\t\t\t\t\t<div class=\"elementor-element elementor-element-e805cea elementor-widget elementor-widget-text-editor\" data-id=\"e805cea\" data-element_type=\"widget\" data-widget_type=\"text-editor.default\">\n\t\t\t\t<div class=\"elementor-widget-container\">\n\t\t\t\t\t\t\t\t\t<p><span style=\"color: #ffffff;\">Soy Adri\u00e1n Carrillo, creador de Davlos Studio. Nacido en Priego de C\u00f3rdoba y terminando de cursar la carrera de Dise\u00f1o de Moda en Estaci\u00f3n Dise\u00f1o. Como dise\u00f1ador mis puntos fuertes son la moda flamenca, el dise\u00f1o a medida y la creaci\u00f3n de estampados adem\u00e1s de tener un amplio conocimiento en programas gr\u00e1ficos como Illustrator, Photoshop e Indesing, que me ayudan con mis proyectos. Tengo otras habilidades que me complementan como la fotograf\u00eda y el uso de IAs como Gemini, RunwayML, NanoBanana y ChatGPT.<\/span><\/p>\t\t\t\t\t\t\t\t<\/div>\n\t\t\t\t<\/div>\n\t\t\t\t\t<\/div>\n\t\t<\/div>\n\t\t\t\t\t<\/div>\n\t\t<\/section>\n\t\t\t\t<\/div>\n\t\t","protected":false},"excerpt":{"rendered":"<p>SOBRE M\u00cd Soy Adri\u00e1n Carrillo, creador de Davlos Studio. Nacido en Priego de C\u00f3rdoba y terminando de cursar la carrera de Dise\u00f1o de Moda en Estaci\u00f3n Dise\u00f1o. Como dise\u00f1ador mis puntos fuertes son la moda flamenca, el dise\u00f1o a medida y la creaci\u00f3n de estampados adem\u00e1s de tener un amplio conocimiento en programas gr\u00e1ficos como &hellip; <\/p>\n<p class=\"link-more\"><a href=\"https:\/\/dvls.estaciondiseno.es\/index.php\/elementor-pagina-215\/\" class=\"more-link\">Leer m\u00e1s<span class=\"screen-reader-text\"> \u00abSOBRE M\u00cd\u00bb<\/span><\/a><\/p>\n","protected":false},"author":1,"featured_media":0,"parent":0,"menu_order":0,"comment_status":"closed","ping_status":"closed","template":"","meta":{"footnotes":""},"class_list":["post-215","page","type-page","status-publish","hentry"],"yoast_head":"<!-- This site is optimized with the Yoast SEO Premium plugin v20.12 (Yoast SEO v20.12) - https:\/\/yoast.com\/wordpress\/plugins\/seo\/ -->\n<title>SOBRE M\u00cd -<\/title>\n<meta name=\"robots\" content=\"index, follow, max-snippet:-1, max-image-preview:large, max-video-preview:-1\" \/>\n<link rel=\"canonical\" href=\"https:\/\/dvls.estaciondiseno.es\/index.php\/elementor-pagina-215\/\" \/>\n<meta property=\"og:locale\" content=\"es_ES\" \/>\n<meta property=\"og:type\" content=\"article\" \/>\n<meta property=\"og:title\" content=\"SOBRE M\u00cd\" \/>\n<meta property=\"og:description\" content=\"SOBRE M\u00cd Soy Adri\u00e1n Carrillo, creador de Davlos Studio. Nacido en Priego de C\u00f3rdoba y terminando de cursar la carrera de Dise\u00f1o de Moda en Estaci\u00f3n Dise\u00f1o. Como dise\u00f1ador mis puntos fuertes son la moda flamenca, el dise\u00f1o a medida y la creaci\u00f3n de estampados adem\u00e1s de tener un amplio conocimiento en programas gr\u00e1ficos como &hellip; Leer m\u00e1s \u00abSOBRE M\u00cd\u00bb\" \/>\n<meta property=\"og:url\" content=\"https:\/\/dvls.estaciondiseno.es\/index.php\/elementor-pagina-215\/\" \/>\n<meta property=\"article:modified_time\" content=\"2026-02-04T15:58:28+00:00\" \/>\n<meta property=\"og:image\" content=\"https:\/\/dvls.estaciondiseno.es\/wp-content\/uploads\/2025\/12\/tetet-scaled-1093x1536.png\" \/>\n<meta name=\"twitter:card\" content=\"summary_large_image\" \/>\n<meta name=\"twitter:label1\" content=\"Tiempo de lectura\" \/>\n\t<meta name=\"twitter:data1\" content=\"1 minuto\" \/>\n<script type=\"application\/ld+json\" class=\"yoast-schema-graph\">{\"@context\":\"https:\/\/schema.org\",\"@graph\":[{\"@type\":\"WebPage\",\"@id\":\"https:\/\/dvls.estaciondiseno.es\/index.php\/elementor-pagina-215\/\",\"url\":\"https:\/\/dvls.estaciondiseno.es\/index.php\/elementor-pagina-215\/\",\"name\":\"SOBRE M\u00cd -\",\"isPartOf\":{\"@id\":\"https:\/\/dvls.estaciondiseno.es\/#website\"},\"datePublished\":\"2025-12-16T13:47:01+00:00\",\"dateModified\":\"2026-02-04T15:58:28+00:00\",\"breadcrumb\":{\"@id\":\"https:\/\/dvls.estaciondiseno.es\/index.php\/elementor-pagina-215\/#breadcrumb\"},\"inLanguage\":\"es\",\"potentialAction\":[{\"@type\":\"ReadAction\",\"target\":[\"https:\/\/dvls.estaciondiseno.es\/index.php\/elementor-pagina-215\/\"]}]},{\"@type\":\"BreadcrumbList\",\"@id\":\"https:\/\/dvls.estaciondiseno.es\/index.php\/elementor-pagina-215\/#breadcrumb\",\"itemListElement\":[{\"@type\":\"ListItem\",\"position\":1,\"name\":\"Home\",\"item\":\"https:\/\/dvls.estaciondiseno.es\/\"},{\"@type\":\"ListItem\",\"position\":2,\"name\":\"SOBRE M\u00cd\"}]},{\"@type\":\"WebSite\",\"@id\":\"https:\/\/dvls.estaciondiseno.es\/#website\",\"url\":\"https:\/\/dvls.estaciondiseno.es\/\",\"name\":\"\",\"description\":\"\",\"potentialAction\":[{\"@type\":\"SearchAction\",\"target\":{\"@type\":\"EntryPoint\",\"urlTemplate\":\"https:\/\/dvls.estaciondiseno.es\/?s={search_term_string}\"},\"query-input\":\"required name=search_term_string\"}],\"inLanguage\":\"es\"}]}<\/script>\n<!-- \/ Yoast SEO Premium plugin. -->","yoast_head_json":{"title":"SOBRE M\u00cd -","robots":{"index":"index","follow":"follow","max-snippet":"max-snippet:-1","max-image-preview":"max-image-preview:large","max-video-preview":"max-video-preview:-1"},"canonical":"https:\/\/dvls.estaciondiseno.es\/index.php\/elementor-pagina-215\/","og_locale":"es_ES","og_type":"article","og_title":"SOBRE M\u00cd","og_description":"SOBRE M\u00cd Soy Adri\u00e1n Carrillo, creador de Davlos Studio. Nacido en Priego de C\u00f3rdoba y terminando de cursar la carrera de Dise\u00f1o de Moda en Estaci\u00f3n Dise\u00f1o. Como dise\u00f1ador mis puntos fuertes son la moda flamenca, el dise\u00f1o a medida y la creaci\u00f3n de estampados adem\u00e1s de tener un amplio conocimiento en programas gr\u00e1ficos como &hellip; Leer m\u00e1s \u00abSOBRE M\u00cd\u00bb","og_url":"https:\/\/dvls.estaciondiseno.es\/index.php\/elementor-pagina-215\/","article_modified_time":"2026-02-04T15:58:28+00:00","og_image":[{"url":"https:\/\/dvls.estaciondiseno.es\/wp-content\/uploads\/2025\/12\/tetet-scaled-1093x1536.png"}],"twitter_card":"summary_large_image","twitter_misc":{"Tiempo de lectura":"1 minuto"},"schema":{"@context":"https:\/\/schema.org","@graph":[{"@type":"WebPage","@id":"https:\/\/dvls.estaciondiseno.es\/index.php\/elementor-pagina-215\/","url":"https:\/\/dvls.estaciondiseno.es\/index.php\/elementor-pagina-215\/","name":"SOBRE M\u00cd -","isPartOf":{"@id":"https:\/\/dvls.estaciondiseno.es\/#website"},"datePublished":"2025-12-16T13:47:01+00:00","dateModified":"2026-02-04T15:58:28+00:00","breadcrumb":{"@id":"https:\/\/dvls.estaciondiseno.es\/index.php\/elementor-pagina-215\/#breadcrumb"},"inLanguage":"es","potentialAction":[{"@type":"ReadAction","target":["https:\/\/dvls.estaciondiseno.es\/index.php\/elementor-pagina-215\/"]}]},{"@type":"BreadcrumbList","@id":"https:\/\/dvls.estaciondiseno.es\/index.php\/elementor-pagina-215\/#breadcrumb","itemListElement":[{"@type":"ListItem","position":1,"name":"Home","item":"https:\/\/dvls.estaciondiseno.es\/"},{"@type":"ListItem","position":2,"name":"SOBRE M\u00cd"}]},{"@type":"WebSite","@id":"https:\/\/dvls.estaciondiseno.es\/#website","url":"https:\/\/dvls.estaciondiseno.es\/","name":"","description":"","potentialAction":[{"@type":"SearchAction","target":{"@type":"EntryPoint","urlTemplate":"https:\/\/dvls.estaciondiseno.es\/?s={search_term_string}"},"query-input":"required name=search_term_string"}],"inLanguage":"es"}]}},"_links":{"self":[{"href":"https:\/\/dvls.estaciondiseno.es\/index.php\/wp-json\/wp\/v2\/pages\/215","targetHints":{"allow":["GET"]}}],"collection":[{"href":"https:\/\/dvls.estaciondiseno.es\/index.php\/wp-json\/wp\/v2\/pages"}],"about":[{"href":"https:\/\/dvls.estaciondiseno.es\/index.php\/wp-json\/wp\/v2\/types\/page"}],"author":[{"embeddable":true,"href":"https:\/\/dvls.estaciondiseno.es\/index.php\/wp-json\/wp\/v2\/users\/1"}],"replies":[{"embeddable":true,"href":"https:\/\/dvls.estaciondiseno.es\/index.php\/wp-json\/wp\/v2\/comments?post=215"}],"version-history":[{"count":36,"href":"https:\/\/dvls.estaciondiseno.es\/index.php\/wp-json\/wp\/v2\/pages\/215\/revisions"}],"predecessor-version":[{"id":559,"href":"https:\/\/dvls.estaciondiseno.es\/index.php\/wp-json\/wp\/v2\/pages\/215\/revisions\/559"}],"wp:attachment":[{"href":"https:\/\/dvls.estaciondiseno.es\/index.php\/wp-json\/wp\/v2\/media?parent=215"}],"curies":[{"name":"wp","href":"https:\/\/api.w.org\/{rel}","templated":true}]}}