{"id":285,"date":"2026-01-22T11:09:39","date_gmt":"2026-01-22T11:09:39","guid":{"rendered":"https:\/\/dvls.estaciondiseno.es\/?page_id=285"},"modified":"2026-01-26T09:04:30","modified_gmt":"2026-01-26T09:04:30","slug":"elementor-pagina-285","status":"publish","type":"page","link":"https:\/\/dvls.estaciondiseno.es\/index.php\/elementor-pagina-285\/","title":{"rendered":"WELCOME BACK ZIGGY"},"content":{"rendered":"\t\t<div data-elementor-type=\"wp-page\" data-elementor-id=\"285\" class=\"elementor elementor-285\" data-elementor-post-type=\"page\">\n\t\t\t\t\t\t<section class=\"elementor-section elementor-top-section elementor-element elementor-element-872d5e0 elementor-section-boxed elementor-section-height-default elementor-section-height-default\" data-id=\"872d5e0\" data-element_type=\"section\">\n\t\t\t\t\t\t<div class=\"elementor-container elementor-column-gap-default\">\n\t\t\t\t\t<div class=\"elementor-column elementor-col-100 elementor-top-column elementor-element elementor-element-58477b9\" data-id=\"58477b9\" data-element_type=\"column\">\n\t\t\t<div class=\"elementor-widget-wrap elementor-element-populated\">\n\t\t\t\t\t\t<div class=\"elementor-element elementor-element-52842fd elementor-widget elementor-widget-heading\" data-id=\"52842fd\" data-element_type=\"widget\" data-widget_type=\"heading.default\">\n\t\t\t\t<div class=\"elementor-widget-container\">\n\t\t\t\t\t<h2 class=\"elementor-heading-title elementor-size-default\">WELCOME BACK ZIGGY<\/h2>\t\t\t\t<\/div>\n\t\t\t\t<\/div>\n\t\t\t\t\t<\/div>\n\t\t<\/div>\n\t\t\t\t\t<\/div>\n\t\t<\/section>\n\t\t\t\t<section class=\"elementor-section elementor-top-section elementor-element elementor-element-9d829f0 elementor-section-boxed elementor-section-height-default elementor-section-height-default\" data-id=\"9d829f0\" data-element_type=\"section\">\n\t\t\t\t\t\t<div class=\"elementor-container elementor-column-gap-default\">\n\t\t\t\t\t<div class=\"elementor-column elementor-col-100 elementor-top-column elementor-element elementor-element-906f48b\" data-id=\"906f48b\" data-element_type=\"column\">\n\t\t\t<div class=\"elementor-widget-wrap elementor-element-populated\">\n\t\t\t\t\t\t<div class=\"elementor-element elementor-element-4b202a1 elementor-widget elementor-widget-text-editor\" data-id=\"4b202a1\" data-element_type=\"widget\" data-widget_type=\"text-editor.default\">\n\t\t\t\t<div class=\"elementor-widget-container\">\n\t\t\t\t\t\t\t\t\t<p style=\"text-align: left;\" data-start=\"124\" data-end=\"395\"><strong data-start=\"124\" data-end=\"151\">Welcome Back Ziggy SS24<\/strong> es una colecci\u00f3n que rinde homenaje a la energ\u00eda creativa de los a\u00f1os 80 y a la figura de David Bowie como icono cultural, musical y est\u00e9tico. M\u00e1s que una referencia, Bowie se convierte en una forma de libertad, ambig\u00fcedad y expresi\u00f3n sin l\u00edmites.<\/p><p data-start=\"397\" data-end=\"710\">La colecci\u00f3n explora el pret-\u00e0-porter desde un punto de vista actual donde los estampados, los colores saturados y las siluetas acampanadas construyen una imagen potente y reconocible. Cada prenda juega con el contraste entre la nostalgia de esos a\u00f1os y cortes reinterpretados a la actualidad, equilibrando car\u00e1cter y funcionalidad.<\/p><p data-start=\"397\" data-end=\"710\">La sensualidad atraviesa toda la l\u00ednea de forma sutil pero con car\u00e1cter firme, reforzando una identidad que muestra la individualidad y la autoexpresi\u00f3n. <strong data-start=\"853\" data-end=\"880\">Welcome Back Ziggy SS24<\/strong> no quiere pertenecer a la normalidad, busca destacar. Es una invitaci\u00f3n a vestir sin miedo, con personalidad y presencia.<\/p>\t\t\t\t\t\t\t\t<\/div>\n\t\t\t\t<\/div>\n\t\t\t\t\t<\/div>\n\t\t<\/div>\n\t\t\t\t\t<\/div>\n\t\t<\/section>\n\t\t\t\t<section class=\"elementor-section elementor-top-section elementor-element elementor-element-60b8446 elementor-section-boxed elementor-section-height-default elementor-section-height-default\" data-id=\"60b8446\" data-element_type=\"section\">\n\t\t\t\t\t\t<div class=\"elementor-container elementor-column-gap-default\">\n\t\t\t\t\t<div class=\"elementor-column elementor-col-33 elementor-top-column elementor-element elementor-element-ebd2384\" data-id=\"ebd2384\" data-element_type=\"column\">\n\t\t\t<div class=\"elementor-widget-wrap elementor-element-populated\">\n\t\t\t\t\t\t<div class=\"elementor-element elementor-element-374b25a elementor-widget elementor-widget-image\" data-id=\"374b25a\" data-element_type=\"widget\" data-widget_type=\"image.default\">\n\t\t\t\t<div class=\"elementor-widget-container\">\n\t\t\t\t\t\t\t\t\t\t\t\t\t\t\t<img fetchpriority=\"high\" decoding=\"async\" width=\"685\" height=\"1024\" src=\"https:\/\/dvls.estaciondiseno.es\/wp-content\/uploads\/2026\/01\/1000105025-685x1024.png\" class=\"attachment-large size-large wp-image-287\" alt=\"\" srcset=\"https:\/\/dvls.estaciondiseno.es\/wp-content\/uploads\/2026\/01\/1000105025-685x1024.png 685w, https:\/\/dvls.estaciondiseno.es\/wp-content\/uploads\/2026\/01\/1000105025-201x300.png 201w, https:\/\/dvls.estaciondiseno.es\/wp-content\/uploads\/2026\/01\/1000105025-768x1147.png 768w, https:\/\/dvls.estaciondiseno.es\/wp-content\/uploads\/2026\/01\/1000105025-1028x1536.png 1028w, https:\/\/dvls.estaciondiseno.es\/wp-content\/uploads\/2026\/01\/1000105025-1371x2048.png 1371w, https:\/\/dvls.estaciondiseno.es\/wp-content\/uploads\/2026\/01\/1000105025-2000x2988.png 2000w, https:\/\/dvls.estaciondiseno.es\/wp-content\/uploads\/2026\/01\/1000105025-scaled.png 1714w\" sizes=\"100vw\" \/>\t\t\t\t\t\t\t\t\t\t\t\t\t\t\t<\/div>\n\t\t\t\t<\/div>\n\t\t\t\t\t<\/div>\n\t\t<\/div>\n\t\t\t\t<div class=\"elementor-column elementor-col-33 elementor-top-column elementor-element elementor-element-e6e082a\" data-id=\"e6e082a\" data-element_type=\"column\">\n\t\t\t<div class=\"elementor-widget-wrap elementor-element-populated\">\n\t\t\t\t\t\t<div class=\"elementor-element elementor-element-3ecf062 elementor-widget elementor-widget-image\" data-id=\"3ecf062\" data-element_type=\"widget\" data-widget_type=\"image.default\">\n\t\t\t\t<div class=\"elementor-widget-container\">\n\t\t\t\t\t\t\t\t\t\t\t\t\t\t\t<img decoding=\"async\" width=\"747\" height=\"1024\" src=\"https:\/\/dvls.estaciondiseno.es\/wp-content\/uploads\/2025\/12\/1000105015-747x1024.png\" class=\"attachment-large size-large wp-image-160\" alt=\"\" srcset=\"https:\/\/dvls.estaciondiseno.es\/wp-content\/uploads\/2025\/12\/1000105015-747x1024.png 747w, https:\/\/dvls.estaciondiseno.es\/wp-content\/uploads\/2025\/12\/1000105015-219x300.png 219w, https:\/\/dvls.estaciondiseno.es\/wp-content\/uploads\/2025\/12\/1000105015-768x1053.png 768w, https:\/\/dvls.estaciondiseno.es\/wp-content\/uploads\/2025\/12\/1000105015-1120x1536.png 1120w, https:\/\/dvls.estaciondiseno.es\/wp-content\/uploads\/2025\/12\/1000105015-scaled-1494x2048.png 1494w, https:\/\/dvls.estaciondiseno.es\/wp-content\/uploads\/2025\/12\/1000105015-scaled.png 1867w\" sizes=\"100vw\" \/>\t\t\t\t\t\t\t\t\t\t\t\t\t\t\t<\/div>\n\t\t\t\t<\/div>\n\t\t\t\t\t<\/div>\n\t\t<\/div>\n\t\t\t\t<div class=\"elementor-column elementor-col-33 elementor-top-column elementor-element elementor-element-d0034ff\" data-id=\"d0034ff\" data-element_type=\"column\">\n\t\t\t<div class=\"elementor-widget-wrap elementor-element-populated\">\n\t\t\t\t\t\t<div class=\"elementor-element elementor-element-8cdad4c elementor-widget elementor-widget-image\" data-id=\"8cdad4c\" data-element_type=\"widget\" data-widget_type=\"image.default\">\n\t\t\t\t<div class=\"elementor-widget-container\">\n\t\t\t\t\t\t\t\t\t\t\t\t\t\t\t<img decoding=\"async\" width=\"685\" height=\"1024\" src=\"https:\/\/dvls.estaciondiseno.es\/wp-content\/uploads\/2026\/01\/1000105024-685x1024.png\" class=\"attachment-large size-large wp-image-291\" alt=\"\" srcset=\"https:\/\/dvls.estaciondiseno.es\/wp-content\/uploads\/2026\/01\/1000105024-685x1024.png 685w, https:\/\/dvls.estaciondiseno.es\/wp-content\/uploads\/2026\/01\/1000105024-201x300.png 201w, https:\/\/dvls.estaciondiseno.es\/wp-content\/uploads\/2026\/01\/1000105024-768x1147.png 768w, https:\/\/dvls.estaciondiseno.es\/wp-content\/uploads\/2026\/01\/1000105024-1028x1536.png 1028w, https:\/\/dvls.estaciondiseno.es\/wp-content\/uploads\/2026\/01\/1000105024-1371x2048.png 1371w, https:\/\/dvls.estaciondiseno.es\/wp-content\/uploads\/2026\/01\/1000105024-2000x2988.png 2000w, https:\/\/dvls.estaciondiseno.es\/wp-content\/uploads\/2026\/01\/1000105024-scaled.png 1714w\" sizes=\"100vw\" \/>\t\t\t\t\t\t\t\t\t\t\t\t\t\t\t<\/div>\n\t\t\t\t<\/div>\n\t\t\t\t\t<\/div>\n\t\t<\/div>\n\t\t\t\t\t<\/div>\n\t\t<\/section>\n\t\t\t\t<section class=\"elementor-section elementor-top-section elementor-element elementor-element-829cbc7 elementor-section-boxed elementor-section-height-default elementor-section-height-default\" data-id=\"829cbc7\" data-element_type=\"section\">\n\t\t\t\t\t\t<div class=\"elementor-container elementor-column-gap-default\">\n\t\t\t\t\t<div class=\"elementor-column elementor-col-50 elementor-top-column elementor-element elementor-element-d0ccc79\" data-id=\"d0ccc79\" data-element_type=\"column\">\n\t\t\t<div class=\"elementor-widget-wrap elementor-element-populated\">\n\t\t\t\t\t\t<div class=\"elementor-element elementor-element-b1fca05 elementor-widget elementor-widget-image\" data-id=\"b1fca05\" data-element_type=\"widget\" data-widget_type=\"image.default\">\n\t\t\t\t<div class=\"elementor-widget-container\">\n\t\t\t\t\t\t\t\t\t\t\t\t\t\t\t<img loading=\"lazy\" decoding=\"async\" width=\"685\" height=\"1024\" src=\"https:\/\/dvls.estaciondiseno.es\/wp-content\/uploads\/2026\/01\/1000105023-1-685x1024.png\" class=\"attachment-large size-large wp-image-296\" alt=\"\" srcset=\"https:\/\/dvls.estaciondiseno.es\/wp-content\/uploads\/2026\/01\/1000105023-1-685x1024.png 685w, https:\/\/dvls.estaciondiseno.es\/wp-content\/uploads\/2026\/01\/1000105023-1-201x300.png 201w, https:\/\/dvls.estaciondiseno.es\/wp-content\/uploads\/2026\/01\/1000105023-1-scaled-1028x1536.png 1028w, https:\/\/dvls.estaciondiseno.es\/wp-content\/uploads\/2026\/01\/1000105023-1-scaled-1371x2048.png 1371w, https:\/\/dvls.estaciondiseno.es\/wp-content\/uploads\/2026\/01\/1000105023-1-scaled.png 1714w\" sizes=\"100vw\" \/>\t\t\t\t\t\t\t\t\t\t\t\t\t\t\t<\/div>\n\t\t\t\t<\/div>\n\t\t\t\t\t<\/div>\n\t\t<\/div>\n\t\t\t\t<div class=\"elementor-column elementor-col-50 elementor-top-column elementor-element elementor-element-1c5f809\" data-id=\"1c5f809\" data-element_type=\"column\">\n\t\t\t<div class=\"elementor-widget-wrap elementor-element-populated\">\n\t\t\t\t\t\t<div class=\"elementor-element elementor-element-413b19a elementor-widget elementor-widget-image\" data-id=\"413b19a\" data-element_type=\"widget\" data-widget_type=\"image.default\">\n\t\t\t\t<div class=\"elementor-widget-container\">\n\t\t\t\t\t\t\t\t\t\t\t\t\t\t\t<img loading=\"lazy\" decoding=\"async\" width=\"758\" height=\"1024\" src=\"https:\/\/dvls.estaciondiseno.es\/wp-content\/uploads\/2026\/01\/1000105019-758x1024.png\" class=\"attachment-large size-large wp-image-327\" alt=\"\" srcset=\"https:\/\/dvls.estaciondiseno.es\/wp-content\/uploads\/2026\/01\/1000105019-758x1024.png 758w, https:\/\/dvls.estaciondiseno.es\/wp-content\/uploads\/2026\/01\/1000105019-222x300.png 222w, https:\/\/dvls.estaciondiseno.es\/wp-content\/uploads\/2026\/01\/1000105019-2000x2700.png 2000w, https:\/\/dvls.estaciondiseno.es\/wp-content\/uploads\/2026\/01\/1000105019-scaled-1138x1536.png 1138w, https:\/\/dvls.estaciondiseno.es\/wp-content\/uploads\/2026\/01\/1000105019-scaled-1517x2048.png 1517w, https:\/\/dvls.estaciondiseno.es\/wp-content\/uploads\/2026\/01\/1000105019-scaled.png 1896w\" sizes=\"100vw\" \/>\t\t\t\t\t\t\t\t\t\t\t\t\t\t\t<\/div>\n\t\t\t\t<\/div>\n\t\t\t\t\t<\/div>\n\t\t<\/div>\n\t\t\t\t\t<\/div>\n\t\t<\/section>\n\t\t\t\t<\/div>\n\t\t","protected":false},"excerpt":{"rendered":"<p>WELCOME BACK ZIGGY Welcome Back Ziggy SS24 es una colecci\u00f3n que rinde homenaje a la energ\u00eda creativa de los a\u00f1os 80 y a la figura de David Bowie como icono cultural, musical y est\u00e9tico. M\u00e1s que una referencia, Bowie se convierte en una forma de libertad, ambig\u00fcedad y expresi\u00f3n sin l\u00edmites. La colecci\u00f3n explora el &hellip; <\/p>\n<p class=\"link-more\"><a href=\"https:\/\/dvls.estaciondiseno.es\/index.php\/elementor-pagina-285\/\" class=\"more-link\">Leer m\u00e1s<span class=\"screen-reader-text\"> \u00abWELCOME BACK ZIGGY\u00bb<\/span><\/a><\/p>\n","protected":false},"author":1,"featured_media":0,"parent":0,"menu_order":0,"comment_status":"closed","ping_status":"closed","template":"","meta":{"footnotes":""},"class_list":["post-285","page","type-page","status-publish","hentry"],"yoast_head":"<!-- This site is optimized with the Yoast SEO Premium plugin v20.12 (Yoast SEO v20.12) - https:\/\/yoast.com\/wordpress\/plugins\/seo\/ -->\n<title>WELCOME BACK ZIGGY -<\/title>\n<meta name=\"robots\" content=\"index, follow, max-snippet:-1, max-image-preview:large, max-video-preview:-1\" \/>\n<link rel=\"canonical\" href=\"https:\/\/dvls.estaciondiseno.es\/index.php\/elementor-pagina-285\/\" \/>\n<meta property=\"og:locale\" content=\"es_ES\" \/>\n<meta property=\"og:type\" content=\"article\" \/>\n<meta property=\"og:title\" content=\"WELCOME BACK ZIGGY\" \/>\n<meta property=\"og:description\" content=\"WELCOME BACK ZIGGY Welcome Back Ziggy SS24 es una colecci\u00f3n que rinde homenaje a la energ\u00eda creativa de los a\u00f1os 80 y a la figura de David Bowie como icono cultural, musical y est\u00e9tico. M\u00e1s que una referencia, Bowie se convierte en una forma de libertad, ambig\u00fcedad y expresi\u00f3n sin l\u00edmites. La colecci\u00f3n explora el &hellip; Leer m\u00e1s \u00abWELCOME BACK ZIGGY\u00bb\" \/>\n<meta property=\"og:url\" content=\"https:\/\/dvls.estaciondiseno.es\/index.php\/elementor-pagina-285\/\" \/>\n<meta property=\"article:modified_time\" content=\"2026-01-26T09:04:30+00:00\" \/>\n<meta property=\"og:image\" content=\"https:\/\/dvls.estaciondiseno.es\/wp-content\/uploads\/2026\/01\/1000105025-685x1024.png\" \/>\n<meta name=\"twitter:card\" content=\"summary_large_image\" \/>\n<meta name=\"twitter:label1\" content=\"Tiempo de lectura\" \/>\n\t<meta name=\"twitter:data1\" content=\"1 minuto\" \/>\n<script type=\"application\/ld+json\" class=\"yoast-schema-graph\">{\"@context\":\"https:\/\/schema.org\",\"@graph\":[{\"@type\":\"WebPage\",\"@id\":\"https:\/\/dvls.estaciondiseno.es\/index.php\/elementor-pagina-285\/\",\"url\":\"https:\/\/dvls.estaciondiseno.es\/index.php\/elementor-pagina-285\/\",\"name\":\"WELCOME BACK ZIGGY -\",\"isPartOf\":{\"@id\":\"https:\/\/dvls.estaciondiseno.es\/#website\"},\"datePublished\":\"2026-01-22T11:09:39+00:00\",\"dateModified\":\"2026-01-26T09:04:30+00:00\",\"breadcrumb\":{\"@id\":\"https:\/\/dvls.estaciondiseno.es\/index.php\/elementor-pagina-285\/#breadcrumb\"},\"inLanguage\":\"es\",\"potentialAction\":[{\"@type\":\"ReadAction\",\"target\":[\"https:\/\/dvls.estaciondiseno.es\/index.php\/elementor-pagina-285\/\"]}]},{\"@type\":\"BreadcrumbList\",\"@id\":\"https:\/\/dvls.estaciondiseno.es\/index.php\/elementor-pagina-285\/#breadcrumb\",\"itemListElement\":[{\"@type\":\"ListItem\",\"position\":1,\"name\":\"Home\",\"item\":\"https:\/\/dvls.estaciondiseno.es\/\"},{\"@type\":\"ListItem\",\"position\":2,\"name\":\"WELCOME BACK ZIGGY\"}]},{\"@type\":\"WebSite\",\"@id\":\"https:\/\/dvls.estaciondiseno.es\/#website\",\"url\":\"https:\/\/dvls.estaciondiseno.es\/\",\"name\":\"\",\"description\":\"\",\"potentialAction\":[{\"@type\":\"SearchAction\",\"target\":{\"@type\":\"EntryPoint\",\"urlTemplate\":\"https:\/\/dvls.estaciondiseno.es\/?s={search_term_string}\"},\"query-input\":\"required name=search_term_string\"}],\"inLanguage\":\"es\"}]}<\/script>\n<!-- \/ Yoast SEO Premium plugin. -->","yoast_head_json":{"title":"WELCOME BACK ZIGGY -","robots":{"index":"index","follow":"follow","max-snippet":"max-snippet:-1","max-image-preview":"max-image-preview:large","max-video-preview":"max-video-preview:-1"},"canonical":"https:\/\/dvls.estaciondiseno.es\/index.php\/elementor-pagina-285\/","og_locale":"es_ES","og_type":"article","og_title":"WELCOME BACK ZIGGY","og_description":"WELCOME BACK ZIGGY Welcome Back Ziggy SS24 es una colecci\u00f3n que rinde homenaje a la energ\u00eda creativa de los a\u00f1os 80 y a la figura de David Bowie como icono cultural, musical y est\u00e9tico. M\u00e1s que una referencia, Bowie se convierte en una forma de libertad, ambig\u00fcedad y expresi\u00f3n sin l\u00edmites. La colecci\u00f3n explora el &hellip; Leer m\u00e1s \u00abWELCOME BACK ZIGGY\u00bb","og_url":"https:\/\/dvls.estaciondiseno.es\/index.php\/elementor-pagina-285\/","article_modified_time":"2026-01-26T09:04:30+00:00","og_image":[{"url":"https:\/\/dvls.estaciondiseno.es\/wp-content\/uploads\/2026\/01\/1000105025-685x1024.png"}],"twitter_card":"summary_large_image","twitter_misc":{"Tiempo de lectura":"1 minuto"},"schema":{"@context":"https:\/\/schema.org","@graph":[{"@type":"WebPage","@id":"https:\/\/dvls.estaciondiseno.es\/index.php\/elementor-pagina-285\/","url":"https:\/\/dvls.estaciondiseno.es\/index.php\/elementor-pagina-285\/","name":"WELCOME BACK ZIGGY -","isPartOf":{"@id":"https:\/\/dvls.estaciondiseno.es\/#website"},"datePublished":"2026-01-22T11:09:39+00:00","dateModified":"2026-01-26T09:04:30+00:00","breadcrumb":{"@id":"https:\/\/dvls.estaciondiseno.es\/index.php\/elementor-pagina-285\/#breadcrumb"},"inLanguage":"es","potentialAction":[{"@type":"ReadAction","target":["https:\/\/dvls.estaciondiseno.es\/index.php\/elementor-pagina-285\/"]}]},{"@type":"BreadcrumbList","@id":"https:\/\/dvls.estaciondiseno.es\/index.php\/elementor-pagina-285\/#breadcrumb","itemListElement":[{"@type":"ListItem","position":1,"name":"Home","item":"https:\/\/dvls.estaciondiseno.es\/"},{"@type":"ListItem","position":2,"name":"WELCOME BACK ZIGGY"}]},{"@type":"WebSite","@id":"https:\/\/dvls.estaciondiseno.es\/#website","url":"https:\/\/dvls.estaciondiseno.es\/","name":"","description":"","potentialAction":[{"@type":"SearchAction","target":{"@type":"EntryPoint","urlTemplate":"https:\/\/dvls.estaciondiseno.es\/?s={search_term_string}"},"query-input":"required name=search_term_string"}],"inLanguage":"es"}]}},"_links":{"self":[{"href":"https:\/\/dvls.estaciondiseno.es\/index.php\/wp-json\/wp\/v2\/pages\/285","targetHints":{"allow":["GET"]}}],"collection":[{"href":"https:\/\/dvls.estaciondiseno.es\/index.php\/wp-json\/wp\/v2\/pages"}],"about":[{"href":"https:\/\/dvls.estaciondiseno.es\/index.php\/wp-json\/wp\/v2\/types\/page"}],"author":[{"embeddable":true,"href":"https:\/\/dvls.estaciondiseno.es\/index.php\/wp-json\/wp\/v2\/users\/1"}],"replies":[{"embeddable":true,"href":"https:\/\/dvls.estaciondiseno.es\/index.php\/wp-json\/wp\/v2\/comments?post=285"}],"version-history":[{"count":17,"href":"https:\/\/dvls.estaciondiseno.es\/index.php\/wp-json\/wp\/v2\/pages\/285\/revisions"}],"predecessor-version":[{"id":331,"href":"https:\/\/dvls.estaciondiseno.es\/index.php\/wp-json\/wp\/v2\/pages\/285\/revisions\/331"}],"wp:attachment":[{"href":"https:\/\/dvls.estaciondiseno.es\/index.php\/wp-json\/wp\/v2\/media?parent=285"}],"curies":[{"name":"wp","href":"https:\/\/api.w.org\/{rel}","templated":true}]}}