{"id":332,"date":"2026-01-26T09:07:06","date_gmt":"2026-01-26T09:07:06","guid":{"rendered":"https:\/\/dvls.estaciondiseno.es\/?page_id=332"},"modified":"2026-02-04T14:20:12","modified_gmt":"2026-02-04T14:20:12","slug":"claudia","status":"publish","type":"page","link":"https:\/\/dvls.estaciondiseno.es\/index.php\/claudia\/","title":{"rendered":"CLAUDIA"},"content":{"rendered":"\t\t<div data-elementor-type=\"wp-page\" data-elementor-id=\"332\" class=\"elementor elementor-332\" data-elementor-post-type=\"page\">\n\t\t\t\t\t\t<section class=\"elementor-section elementor-top-section elementor-element elementor-element-8ae014f elementor-section-boxed elementor-section-height-default elementor-section-height-default\" data-id=\"8ae014f\" data-element_type=\"section\">\n\t\t\t\t\t\t<div class=\"elementor-container elementor-column-gap-default\">\n\t\t\t\t\t<div class=\"elementor-column elementor-col-100 elementor-top-column elementor-element elementor-element-1b6f87b\" data-id=\"1b6f87b\" data-element_type=\"column\">\n\t\t\t<div class=\"elementor-widget-wrap elementor-element-populated\">\n\t\t\t\t\t\t<div class=\"elementor-element elementor-element-c08a5fd elementor-widget elementor-widget-heading\" data-id=\"c08a5fd\" data-element_type=\"widget\" data-widget_type=\"heading.default\">\n\t\t\t\t<div class=\"elementor-widget-container\">\n\t\t\t\t\t<h2 class=\"elementor-heading-title elementor-size-default\">CLAUDIA<\/h2>\t\t\t\t<\/div>\n\t\t\t\t<\/div>\n\t\t\t\t\t<\/div>\n\t\t<\/div>\n\t\t\t\t\t<\/div>\n\t\t<\/section>\n\t\t\t\t<section class=\"elementor-section elementor-top-section elementor-element elementor-element-a43699a elementor-section-boxed elementor-section-height-default elementor-section-height-default\" data-id=\"a43699a\" data-element_type=\"section\">\n\t\t\t\t\t\t<div class=\"elementor-container elementor-column-gap-default\">\n\t\t\t\t\t<div class=\"elementor-column elementor-col-100 elementor-top-column elementor-element elementor-element-de12a21\" data-id=\"de12a21\" data-element_type=\"column\">\n\t\t\t<div class=\"elementor-widget-wrap elementor-element-populated\">\n\t\t\t\t\t\t<div class=\"elementor-element elementor-element-f455a47 elementor-widget elementor-widget-text-editor\" data-id=\"f455a47\" data-element_type=\"widget\" data-widget_type=\"text-editor.default\">\n\t\t\t\t<div class=\"elementor-widget-container\">\n\t\t\t\t\t\t\t\t\t<p><span style=\"color: #ffffff;\">\u201cClaudia\u201d es un vestido de moda flamenca con inspiraci\u00f3n barroca y andaluza, llevado a cabo mediante el uso de unos contrastes marcados que nos rememoran los claros oscuros de la \u00e9poca y el encaje que, adem\u00e1s de haber sido significado de \u201clo espa\u00f1ol\u201d a lo largo de la historia, tambi\u00e9n es un elemento muy caracter\u00edstico de nuestra Andaluc\u00eda y de nuestro hogar. \u201cClaudia\u201d es un vestido confeccionado con mimo y dedicado a esas mujeres fuertes, con car\u00e1cter y valor. Este vestido ha desfilado en varias pasarelas como Pasarela Granada Flamenca, Serrallo Style, en dos desfiles para el festival Milnoff y en la X Pasarela Estaci\u00f3n Dise\u00f1o.<\/span><\/p>\t\t\t\t\t\t\t\t<\/div>\n\t\t\t\t<\/div>\n\t\t\t\t\t<\/div>\n\t\t<\/div>\n\t\t\t\t\t<\/div>\n\t\t<\/section>\n\t\t\t\t<section class=\"elementor-section elementor-top-section elementor-element elementor-element-b837489 elementor-section-boxed elementor-section-height-default elementor-section-height-default\" data-id=\"b837489\" data-element_type=\"section\">\n\t\t\t\t\t\t<div class=\"elementor-container elementor-column-gap-default\">\n\t\t\t\t\t<div class=\"elementor-column elementor-col-25 elementor-top-column elementor-element elementor-element-11aabf3\" data-id=\"11aabf3\" data-element_type=\"column\">\n\t\t\t<div class=\"elementor-widget-wrap elementor-element-populated\">\n\t\t\t\t\t\t<div class=\"elementor-element elementor-element-6ae4e53 elementor-widget elementor-widget-image\" data-id=\"6ae4e53\" data-element_type=\"widget\" data-widget_type=\"image.default\">\n\t\t\t\t<div class=\"elementor-widget-container\">\n\t\t\t\t\t\t\t\t\t\t\t\t\t\t\t<img fetchpriority=\"high\" decoding=\"async\" width=\"1024\" height=\"1536\" src=\"https:\/\/dvls.estaciondiseno.es\/wp-content\/uploads\/2026\/01\/1000078105-1024x1536.png\" class=\"attachment-1536x1536 size-1536x1536 wp-image-338\" alt=\"\" srcset=\"https:\/\/dvls.estaciondiseno.es\/wp-content\/uploads\/2026\/01\/1000078105-1024x1536.png 1024w, https:\/\/dvls.estaciondiseno.es\/wp-content\/uploads\/2026\/01\/1000078105-200x300.png 200w, https:\/\/dvls.estaciondiseno.es\/wp-content\/uploads\/2026\/01\/1000078105-683x1024.png 683w, https:\/\/dvls.estaciondiseno.es\/wp-content\/uploads\/2026\/01\/1000078105.png 1100w\" sizes=\"100vw\" \/>\t\t\t\t\t\t\t\t\t\t\t\t\t\t\t<\/div>\n\t\t\t\t<\/div>\n\t\t\t\t\t<\/div>\n\t\t<\/div>\n\t\t\t\t<div class=\"elementor-column elementor-col-25 elementor-top-column elementor-element elementor-element-475ebb7\" data-id=\"475ebb7\" data-element_type=\"column\">\n\t\t\t<div class=\"elementor-widget-wrap elementor-element-populated\">\n\t\t\t\t\t\t<div class=\"elementor-element elementor-element-9102d31 elementor-widget elementor-widget-image\" data-id=\"9102d31\" data-element_type=\"widget\" data-widget_type=\"image.default\">\n\t\t\t\t<div class=\"elementor-widget-container\">\n\t\t\t\t\t\t\t\t\t\t\t\t\t\t\t<img decoding=\"async\" width=\"683\" height=\"1024\" src=\"https:\/\/dvls.estaciondiseno.es\/wp-content\/uploads\/2026\/01\/Pasarela22-1-1-683x1024.png\" class=\"attachment-large size-large wp-image-340\" alt=\"\" srcset=\"https:\/\/dvls.estaciondiseno.es\/wp-content\/uploads\/2026\/01\/Pasarela22-1-1-683x1024.png 683w, https:\/\/dvls.estaciondiseno.es\/wp-content\/uploads\/2026\/01\/Pasarela22-1-1-200x300.png 200w, https:\/\/dvls.estaciondiseno.es\/wp-content\/uploads\/2026\/01\/Pasarela22-1-1-1024x1536.png 1024w, https:\/\/dvls.estaciondiseno.es\/wp-content\/uploads\/2026\/01\/Pasarela22-1-1.png 1100w\" sizes=\"100vw\" \/>\t\t\t\t\t\t\t\t\t\t\t\t\t\t\t<\/div>\n\t\t\t\t<\/div>\n\t\t\t\t\t<\/div>\n\t\t<\/div>\n\t\t\t\t<div class=\"elementor-column elementor-col-25 elementor-top-column elementor-element elementor-element-b1fd5ef\" data-id=\"b1fd5ef\" data-element_type=\"column\">\n\t\t\t<div class=\"elementor-widget-wrap elementor-element-populated\">\n\t\t\t\t\t\t<div class=\"elementor-element elementor-element-3e0babc elementor-widget elementor-widget-image\" data-id=\"3e0babc\" data-element_type=\"widget\" data-widget_type=\"image.default\">\n\t\t\t\t<div class=\"elementor-widget-container\">\n\t\t\t\t\t\t\t\t\t\t\t\t\t\t\t<img decoding=\"async\" width=\"747\" height=\"1024\" src=\"https:\/\/dvls.estaciondiseno.es\/wp-content\/uploads\/2026\/01\/Gemini_Generated_Image_6p0xc46p0xc46p0x-747x1024.png\" class=\"attachment-large size-large wp-image-341\" alt=\"\" srcset=\"https:\/\/dvls.estaciondiseno.es\/wp-content\/uploads\/2026\/01\/Gemini_Generated_Image_6p0xc46p0xc46p0x-747x1024.png 747w, https:\/\/dvls.estaciondiseno.es\/wp-content\/uploads\/2026\/01\/Gemini_Generated_Image_6p0xc46p0xc46p0x-219x300.png 219w, https:\/\/dvls.estaciondiseno.es\/wp-content\/uploads\/2026\/01\/Gemini_Generated_Image_6p0xc46p0xc46p0x.png 864w\" sizes=\"100vw\" \/>\t\t\t\t\t\t\t\t\t\t\t\t\t\t\t<\/div>\n\t\t\t\t<\/div>\n\t\t\t\t\t<\/div>\n\t\t<\/div>\n\t\t\t\t<div class=\"elementor-column elementor-col-25 elementor-top-column elementor-element elementor-element-74efa01\" data-id=\"74efa01\" data-element_type=\"column\">\n\t\t\t<div class=\"elementor-widget-wrap elementor-element-populated\">\n\t\t\t\t\t\t<div class=\"elementor-element elementor-element-5701951 elementor-widget elementor-widget-image\" data-id=\"5701951\" data-element_type=\"widget\" data-widget_type=\"image.default\">\n\t\t\t\t<div class=\"elementor-widget-container\">\n\t\t\t\t\t\t\t\t\t\t\t\t\t\t\t<img loading=\"lazy\" decoding=\"async\" width=\"683\" height=\"1024\" src=\"https:\/\/dvls.estaciondiseno.es\/wp-content\/uploads\/2026\/01\/1000078106-683x1024.png\" class=\"attachment-large size-large wp-image-339\" alt=\"\" srcset=\"https:\/\/dvls.estaciondiseno.es\/wp-content\/uploads\/2026\/01\/1000078106-683x1024.png 683w, https:\/\/dvls.estaciondiseno.es\/wp-content\/uploads\/2026\/01\/1000078106-200x300.png 200w, https:\/\/dvls.estaciondiseno.es\/wp-content\/uploads\/2026\/01\/1000078106-1024x1536.png 1024w, https:\/\/dvls.estaciondiseno.es\/wp-content\/uploads\/2026\/01\/1000078106.png 1100w\" sizes=\"100vw\" \/>\t\t\t\t\t\t\t\t\t\t\t\t\t\t\t<\/div>\n\t\t\t\t<\/div>\n\t\t\t\t\t<\/div>\n\t\t<\/div>\n\t\t\t\t\t<\/div>\n\t\t<\/section>\n\t\t\t\t<\/div>\n\t\t","protected":false},"excerpt":{"rendered":"<p>CLAUDIA \u201cClaudia\u201d es un vestido de moda flamenca con inspiraci\u00f3n barroca y andaluza, llevado a cabo mediante el uso de unos contrastes marcados que nos rememoran los claros oscuros de la \u00e9poca y el encaje que, adem\u00e1s de haber sido significado de \u201clo espa\u00f1ol\u201d a lo largo de la historia, tambi\u00e9n es un elemento muy &hellip; <\/p>\n<p class=\"link-more\"><a href=\"https:\/\/dvls.estaciondiseno.es\/index.php\/claudia\/\" class=\"more-link\">Leer m\u00e1s<span class=\"screen-reader-text\"> \u00abCLAUDIA\u00bb<\/span><\/a><\/p>\n","protected":false},"author":1,"featured_media":0,"parent":0,"menu_order":0,"comment_status":"closed","ping_status":"closed","template":"","meta":{"footnotes":""},"class_list":["post-332","page","type-page","status-publish","hentry"],"yoast_head":"<!-- This site is optimized with the Yoast SEO Premium plugin v20.12 (Yoast SEO v20.12) - https:\/\/yoast.com\/wordpress\/plugins\/seo\/ -->\n<title>CLAUDIA -<\/title>\n<meta name=\"robots\" content=\"index, follow, max-snippet:-1, max-image-preview:large, max-video-preview:-1\" \/>\n<link rel=\"canonical\" href=\"https:\/\/dvls.estaciondiseno.es\/index.php\/claudia\/\" \/>\n<meta property=\"og:locale\" content=\"es_ES\" \/>\n<meta property=\"og:type\" content=\"article\" \/>\n<meta property=\"og:title\" content=\"CLAUDIA\" \/>\n<meta property=\"og:description\" content=\"CLAUDIA \u201cClaudia\u201d es un vestido de moda flamenca con inspiraci\u00f3n barroca y andaluza, llevado a cabo mediante el uso de unos contrastes marcados que nos rememoran los claros oscuros de la \u00e9poca y el encaje que, adem\u00e1s de haber sido significado de \u201clo espa\u00f1ol\u201d a lo largo de la historia, tambi\u00e9n es un elemento muy &hellip; Leer m\u00e1s \u00abCLAUDIA\u00bb\" \/>\n<meta property=\"og:url\" content=\"https:\/\/dvls.estaciondiseno.es\/index.php\/claudia\/\" \/>\n<meta property=\"article:modified_time\" content=\"2026-02-04T14:20:12+00:00\" \/>\n<meta property=\"og:image\" content=\"https:\/\/dvls.estaciondiseno.es\/wp-content\/uploads\/2026\/01\/1000078105-1024x1536.png\" \/>\n<meta name=\"twitter:card\" content=\"summary_large_image\" \/>\n<meta name=\"twitter:label1\" content=\"Tiempo de lectura\" \/>\n\t<meta name=\"twitter:data1\" content=\"1 minuto\" \/>\n<script type=\"application\/ld+json\" class=\"yoast-schema-graph\">{\"@context\":\"https:\/\/schema.org\",\"@graph\":[{\"@type\":\"WebPage\",\"@id\":\"https:\/\/dvls.estaciondiseno.es\/index.php\/claudia\/\",\"url\":\"https:\/\/dvls.estaciondiseno.es\/index.php\/claudia\/\",\"name\":\"CLAUDIA -\",\"isPartOf\":{\"@id\":\"https:\/\/dvls.estaciondiseno.es\/#website\"},\"datePublished\":\"2026-01-26T09:07:06+00:00\",\"dateModified\":\"2026-02-04T14:20:12+00:00\",\"breadcrumb\":{\"@id\":\"https:\/\/dvls.estaciondiseno.es\/index.php\/claudia\/#breadcrumb\"},\"inLanguage\":\"es\",\"potentialAction\":[{\"@type\":\"ReadAction\",\"target\":[\"https:\/\/dvls.estaciondiseno.es\/index.php\/claudia\/\"]}]},{\"@type\":\"BreadcrumbList\",\"@id\":\"https:\/\/dvls.estaciondiseno.es\/index.php\/claudia\/#breadcrumb\",\"itemListElement\":[{\"@type\":\"ListItem\",\"position\":1,\"name\":\"Home\",\"item\":\"https:\/\/dvls.estaciondiseno.es\/\"},{\"@type\":\"ListItem\",\"position\":2,\"name\":\"CLAUDIA\"}]},{\"@type\":\"WebSite\",\"@id\":\"https:\/\/dvls.estaciondiseno.es\/#website\",\"url\":\"https:\/\/dvls.estaciondiseno.es\/\",\"name\":\"\",\"description\":\"\",\"potentialAction\":[{\"@type\":\"SearchAction\",\"target\":{\"@type\":\"EntryPoint\",\"urlTemplate\":\"https:\/\/dvls.estaciondiseno.es\/?s={search_term_string}\"},\"query-input\":\"required name=search_term_string\"}],\"inLanguage\":\"es\"}]}<\/script>\n<!-- \/ Yoast SEO Premium plugin. -->","yoast_head_json":{"title":"CLAUDIA -","robots":{"index":"index","follow":"follow","max-snippet":"max-snippet:-1","max-image-preview":"max-image-preview:large","max-video-preview":"max-video-preview:-1"},"canonical":"https:\/\/dvls.estaciondiseno.es\/index.php\/claudia\/","og_locale":"es_ES","og_type":"article","og_title":"CLAUDIA","og_description":"CLAUDIA \u201cClaudia\u201d es un vestido de moda flamenca con inspiraci\u00f3n barroca y andaluza, llevado a cabo mediante el uso de unos contrastes marcados que nos rememoran los claros oscuros de la \u00e9poca y el encaje que, adem\u00e1s de haber sido significado de \u201clo espa\u00f1ol\u201d a lo largo de la historia, tambi\u00e9n es un elemento muy &hellip; Leer m\u00e1s \u00abCLAUDIA\u00bb","og_url":"https:\/\/dvls.estaciondiseno.es\/index.php\/claudia\/","article_modified_time":"2026-02-04T14:20:12+00:00","og_image":[{"url":"https:\/\/dvls.estaciondiseno.es\/wp-content\/uploads\/2026\/01\/1000078105-1024x1536.png"}],"twitter_card":"summary_large_image","twitter_misc":{"Tiempo de lectura":"1 minuto"},"schema":{"@context":"https:\/\/schema.org","@graph":[{"@type":"WebPage","@id":"https:\/\/dvls.estaciondiseno.es\/index.php\/claudia\/","url":"https:\/\/dvls.estaciondiseno.es\/index.php\/claudia\/","name":"CLAUDIA -","isPartOf":{"@id":"https:\/\/dvls.estaciondiseno.es\/#website"},"datePublished":"2026-01-26T09:07:06+00:00","dateModified":"2026-02-04T14:20:12+00:00","breadcrumb":{"@id":"https:\/\/dvls.estaciondiseno.es\/index.php\/claudia\/#breadcrumb"},"inLanguage":"es","potentialAction":[{"@type":"ReadAction","target":["https:\/\/dvls.estaciondiseno.es\/index.php\/claudia\/"]}]},{"@type":"BreadcrumbList","@id":"https:\/\/dvls.estaciondiseno.es\/index.php\/claudia\/#breadcrumb","itemListElement":[{"@type":"ListItem","position":1,"name":"Home","item":"https:\/\/dvls.estaciondiseno.es\/"},{"@type":"ListItem","position":2,"name":"CLAUDIA"}]},{"@type":"WebSite","@id":"https:\/\/dvls.estaciondiseno.es\/#website","url":"https:\/\/dvls.estaciondiseno.es\/","name":"","description":"","potentialAction":[{"@type":"SearchAction","target":{"@type":"EntryPoint","urlTemplate":"https:\/\/dvls.estaciondiseno.es\/?s={search_term_string}"},"query-input":"required name=search_term_string"}],"inLanguage":"es"}]}},"_links":{"self":[{"href":"https:\/\/dvls.estaciondiseno.es\/index.php\/wp-json\/wp\/v2\/pages\/332","targetHints":{"allow":["GET"]}}],"collection":[{"href":"https:\/\/dvls.estaciondiseno.es\/index.php\/wp-json\/wp\/v2\/pages"}],"about":[{"href":"https:\/\/dvls.estaciondiseno.es\/index.php\/wp-json\/wp\/v2\/types\/page"}],"author":[{"embeddable":true,"href":"https:\/\/dvls.estaciondiseno.es\/index.php\/wp-json\/wp\/v2\/users\/1"}],"replies":[{"embeddable":true,"href":"https:\/\/dvls.estaciondiseno.es\/index.php\/wp-json\/wp\/v2\/comments?post=332"}],"version-history":[{"count":13,"href":"https:\/\/dvls.estaciondiseno.es\/index.php\/wp-json\/wp\/v2\/pages\/332\/revisions"}],"predecessor-version":[{"id":519,"href":"https:\/\/dvls.estaciondiseno.es\/index.php\/wp-json\/wp\/v2\/pages\/332\/revisions\/519"}],"wp:attachment":[{"href":"https:\/\/dvls.estaciondiseno.es\/index.php\/wp-json\/wp\/v2\/media?parent=332"}],"curies":[{"name":"wp","href":"https:\/\/api.w.org\/{rel}","templated":true}]}}