{"id":394,"date":"2026-02-04T11:18:45","date_gmt":"2026-02-04T11:18:45","guid":{"rendered":"https:\/\/dvls.estaciondiseno.es\/?page_id=394"},"modified":"2026-02-04T11:33:49","modified_gmt":"2026-02-04T11:33:49","slug":"panuelos","status":"publish","type":"page","link":"https:\/\/dvls.estaciondiseno.es\/index.php\/panuelos\/","title":{"rendered":"PA\u00d1UELOS"},"content":{"rendered":"\t\t<div data-elementor-type=\"wp-page\" data-elementor-id=\"394\" class=\"elementor elementor-394\" data-elementor-post-type=\"page\">\n\t\t\t\t\t\t<section class=\"elementor-section elementor-top-section elementor-element elementor-element-b0547e7 elementor-section-boxed elementor-section-height-default elementor-section-height-default\" data-id=\"b0547e7\" data-element_type=\"section\">\n\t\t\t\t\t\t<div class=\"elementor-container elementor-column-gap-default\">\n\t\t\t\t\t<div class=\"elementor-column elementor-col-100 elementor-top-column elementor-element elementor-element-83d30e7\" data-id=\"83d30e7\" data-element_type=\"column\">\n\t\t\t<div class=\"elementor-widget-wrap elementor-element-populated\">\n\t\t\t\t\t\t<div class=\"elementor-element elementor-element-6f8f702 elementor-widget elementor-widget-heading\" data-id=\"6f8f702\" data-element_type=\"widget\" data-widget_type=\"heading.default\">\n\t\t\t\t<div class=\"elementor-widget-container\">\n\t\t\t\t\t<h2 class=\"elementor-heading-title elementor-size-default\">PA\u00d1UELOS<\/h2>\t\t\t\t<\/div>\n\t\t\t\t<\/div>\n\t\t\t\t\t<\/div>\n\t\t<\/div>\n\t\t\t\t\t<\/div>\n\t\t<\/section>\n\t\t\t\t<section class=\"elementor-section elementor-top-section elementor-element elementor-element-d0de0b9 elementor-section-boxed elementor-section-height-default elementor-section-height-default\" data-id=\"d0de0b9\" data-element_type=\"section\">\n\t\t\t\t\t\t<div class=\"elementor-container elementor-column-gap-default\">\n\t\t\t\t\t<div class=\"elementor-column elementor-col-33 elementor-top-column elementor-element elementor-element-e716308\" data-id=\"e716308\" data-element_type=\"column\">\n\t\t\t<div class=\"elementor-widget-wrap elementor-element-populated\">\n\t\t\t\t\t\t<div class=\"elementor-element elementor-element-ac01e28 elementor-widget elementor-widget-text-editor\" data-id=\"ac01e28\" data-element_type=\"widget\" data-widget_type=\"text-editor.default\">\n\t\t\t\t<div class=\"elementor-widget-container\">\n\t\t\t\t\t\t\t\t\t<p><span style=\"color: #ffffff;\"><span style=\"font-family: helvetica;\">El<\/span>\u00a0<span style=\"font-family: helvetica;\">pa\u00f1uelo \u00abNazar\u00ed\u00bb es una pieza con un dise\u00f1o \u00fanico inspirado en Granada. Este pa\u00f1uelo junto a \u00abFajalauza\u00bb conforma una colecci\u00f3n de dos dise\u00f1os que homenajean la ciudad y su gente. Se trata de un pa\u00f1uelo con colores saturados rojos y azules junto a un estampado propio conformado por granadas con elementos de azulejos en el interior y superpuesto \u00abGRX\u00bb como se le conoce de una forma coloquial a Granada.<\/span><\/span><\/p>\t\t\t\t\t\t\t\t<\/div>\n\t\t\t\t<\/div>\n\t\t\t\t\t<\/div>\n\t\t<\/div>\n\t\t\t\t<div class=\"elementor-column elementor-col-66 elementor-top-column elementor-element elementor-element-09a8ba3\" data-id=\"09a8ba3\" data-element_type=\"column\">\n\t\t\t<div class=\"elementor-widget-wrap elementor-element-populated\">\n\t\t\t\t\t\t<div class=\"elementor-element elementor-element-d28a254 elementor-widget elementor-widget-image\" data-id=\"d28a254\" data-element_type=\"widget\" data-widget_type=\"image.default\">\n\t\t\t\t<div class=\"elementor-widget-container\">\n\t\t\t\t\t\t\t\t\t\t\t\t\t\t\t<img fetchpriority=\"high\" decoding=\"async\" width=\"768\" height=\"429\" src=\"https:\/\/dvls.estaciondiseno.es\/wp-content\/uploads\/2026\/02\/Mockup___Make_a_mockup_of_this_print_on_a_scarf__The_scarf_is_slightly_crumpled_next_to_a_bright_red_4-scaled.png\" class=\"attachment-medium_large size-medium_large wp-image-396\" alt=\"\" srcset=\"https:\/\/dvls.estaciondiseno.es\/wp-content\/uploads\/2026\/02\/Mockup___Make_a_mockup_of_this_print_on_a_scarf__The_scarf_is_slightly_crumpled_next_to_a_bright_red_4-scaled.png 2560w, https:\/\/dvls.estaciondiseno.es\/wp-content\/uploads\/2026\/02\/Mockup___Make_a_mockup_of_this_print_on_a_scarf__The_scarf_is_slightly_crumpled_next_to_a_bright_red_4-300x167.png 300w, https:\/\/dvls.estaciondiseno.es\/wp-content\/uploads\/2026\/02\/Mockup___Make_a_mockup_of_this_print_on_a_scarf__The_scarf_is_slightly_crumpled_next_to_a_bright_red_4-1024x572.png 1024w, https:\/\/dvls.estaciondiseno.es\/wp-content\/uploads\/2026\/02\/Mockup___Make_a_mockup_of_this_print_on_a_scarf__The_scarf_is_slightly_crumpled_next_to_a_bright_red_4-2000x1116.png 2000w, https:\/\/dvls.estaciondiseno.es\/wp-content\/uploads\/2026\/02\/Mockup___Make_a_mockup_of_this_print_on_a_scarf__The_scarf_is_slightly_crumpled_next_to_a_bright_red_4-scaled-1536x857.png 1536w, https:\/\/dvls.estaciondiseno.es\/wp-content\/uploads\/2026\/02\/Mockup___Make_a_mockup_of_this_print_on_a_scarf__The_scarf_is_slightly_crumpled_next_to_a_bright_red_4-scaled-2048x1143.png 2048w\" sizes=\"100vw\" \/>\t\t\t\t\t\t\t\t\t\t\t\t\t\t\t<\/div>\n\t\t\t\t<\/div>\n\t\t\t\t\t<\/div>\n\t\t<\/div>\n\t\t\t\t\t<\/div>\n\t\t<\/section>\n\t\t\t\t<section class=\"elementor-section elementor-top-section elementor-element elementor-element-9c4fc6d elementor-section-boxed elementor-section-height-default elementor-section-height-default\" data-id=\"9c4fc6d\" data-element_type=\"section\">\n\t\t\t\t\t\t<div class=\"elementor-container elementor-column-gap-default\">\n\t\t\t\t\t<div class=\"elementor-column elementor-col-100 elementor-top-column elementor-element elementor-element-1b37901\" data-id=\"1b37901\" data-element_type=\"column\">\n\t\t\t<div class=\"elementor-widget-wrap elementor-element-populated\">\n\t\t\t\t\t\t<div class=\"elementor-element elementor-element-8b72ecf elementor-widget elementor-widget-spacer\" data-id=\"8b72ecf\" data-element_type=\"widget\" data-widget_type=\"spacer.default\">\n\t\t\t\t<div class=\"elementor-widget-container\">\n\t\t\t\t\t\t\t<div class=\"elementor-spacer\">\n\t\t\t<div class=\"elementor-spacer-inner\"><\/div>\n\t\t<\/div>\n\t\t\t\t\t\t<\/div>\n\t\t\t\t<\/div>\n\t\t\t\t\t<\/div>\n\t\t<\/div>\n\t\t\t\t\t<\/div>\n\t\t<\/section>\n\t\t\t\t<section class=\"elementor-section elementor-top-section elementor-element elementor-element-cc28c5b elementor-section-boxed elementor-section-height-default elementor-section-height-default\" data-id=\"cc28c5b\" data-element_type=\"section\">\n\t\t\t\t\t\t<div class=\"elementor-container elementor-column-gap-default\">\n\t\t\t\t\t<div class=\"elementor-column elementor-col-66 elementor-top-column elementor-element elementor-element-80a8947\" data-id=\"80a8947\" data-element_type=\"column\">\n\t\t\t<div class=\"elementor-widget-wrap elementor-element-populated\">\n\t\t\t\t\t\t<div class=\"elementor-element elementor-element-23fa219 elementor-widget elementor-widget-image\" data-id=\"23fa219\" data-element_type=\"widget\" data-widget_type=\"image.default\">\n\t\t\t\t<div class=\"elementor-widget-container\">\n\t\t\t\t\t\t\t\t\t\t\t\t\t\t\t<img decoding=\"async\" width=\"950\" height=\"531\" src=\"https:\/\/dvls.estaciondiseno.es\/wp-content\/uploads\/2026\/02\/Mockup___Make_a_mockup_of_this_print_on_a_70x70cm_bandana__The_bandana_is_placed_on_top_of_one_of_th_2-1024x572.png\" class=\"attachment-large size-large wp-image-384\" alt=\"\" srcset=\"https:\/\/dvls.estaciondiseno.es\/wp-content\/uploads\/2026\/02\/Mockup___Make_a_mockup_of_this_print_on_a_70x70cm_bandana__The_bandana_is_placed_on_top_of_one_of_th_2-1024x572.png 1024w, https:\/\/dvls.estaciondiseno.es\/wp-content\/uploads\/2026\/02\/Mockup___Make_a_mockup_of_this_print_on_a_70x70cm_bandana__The_bandana_is_placed_on_top_of_one_of_th_2-300x167.png 300w, https:\/\/dvls.estaciondiseno.es\/wp-content\/uploads\/2026\/02\/Mockup___Make_a_mockup_of_this_print_on_a_70x70cm_bandana__The_bandana_is_placed_on_top_of_one_of_th_2-2000x1116.png 2000w, https:\/\/dvls.estaciondiseno.es\/wp-content\/uploads\/2026\/02\/Mockup___Make_a_mockup_of_this_print_on_a_70x70cm_bandana__The_bandana_is_placed_on_top_of_one_of_th_2-scaled-1536x857.png 1536w, https:\/\/dvls.estaciondiseno.es\/wp-content\/uploads\/2026\/02\/Mockup___Make_a_mockup_of_this_print_on_a_70x70cm_bandana__The_bandana_is_placed_on_top_of_one_of_th_2-scaled-2048x1143.png 2048w\" sizes=\"100vw\" \/>\t\t\t\t\t\t\t\t\t\t\t\t\t\t\t<\/div>\n\t\t\t\t<\/div>\n\t\t\t\t\t<\/div>\n\t\t<\/div>\n\t\t\t\t<div class=\"elementor-column elementor-col-33 elementor-top-column elementor-element elementor-element-fc60f76\" data-id=\"fc60f76\" data-element_type=\"column\">\n\t\t\t<div class=\"elementor-widget-wrap elementor-element-populated\">\n\t\t\t\t\t\t<div class=\"elementor-element elementor-element-9f51f55 elementor-widget elementor-widget-text-editor\" data-id=\"9f51f55\" data-element_type=\"widget\" data-widget_type=\"text-editor.default\">\n\t\t\t\t<div class=\"elementor-widget-container\">\n\t\t\t\t\t\t\t\t\t<p style=\"text-align: right;\"><span style=\"font-family: helvetica; color: #ffffff;\">\u00abFajalauza\u00bb es el segundo pa\u00f1uelo de la colecci\u00f3n \u00abPor t\u00ed Gran\u00e1\u00bb dedicado a Granada, a su cultura y su gente. Este pa\u00f1uelo tiene un dise\u00f1o de azulejo con una ilustraci\u00f3n donde granadas surgen de ramificaciones junto a los colores naranja, azul y blanco.<\/span><\/p>\t\t\t\t\t\t\t\t<\/div>\n\t\t\t\t<\/div>\n\t\t\t\t\t<\/div>\n\t\t<\/div>\n\t\t\t\t\t<\/div>\n\t\t<\/section>\n\t\t\t\t<section class=\"elementor-section elementor-top-section elementor-element elementor-element-9d4dee6 elementor-section-boxed elementor-section-height-default elementor-section-height-default\" data-id=\"9d4dee6\" data-element_type=\"section\">\n\t\t\t\t\t\t<div class=\"elementor-container elementor-column-gap-default\">\n\t\t\t\t\t<div class=\"elementor-column elementor-col-100 elementor-top-column elementor-element elementor-element-590d3e6\" data-id=\"590d3e6\" data-element_type=\"column\">\n\t\t\t<div class=\"elementor-widget-wrap elementor-element-populated\">\n\t\t\t\t\t\t<div class=\"elementor-element elementor-element-eee19ba elementor-widget elementor-widget-spacer\" data-id=\"eee19ba\" data-element_type=\"widget\" data-widget_type=\"spacer.default\">\n\t\t\t\t<div class=\"elementor-widget-container\">\n\t\t\t\t\t\t\t<div class=\"elementor-spacer\">\n\t\t\t<div class=\"elementor-spacer-inner\"><\/div>\n\t\t<\/div>\n\t\t\t\t\t\t<\/div>\n\t\t\t\t<\/div>\n\t\t\t\t\t<\/div>\n\t\t<\/div>\n\t\t\t\t\t<\/div>\n\t\t<\/section>\n\t\t\t\t<section class=\"elementor-section elementor-top-section elementor-element elementor-element-4676514 elementor-section-boxed elementor-section-height-default elementor-section-height-default\" data-id=\"4676514\" data-element_type=\"section\">\n\t\t\t\t\t\t<div class=\"elementor-container elementor-column-gap-default\">\n\t\t\t\t\t<div class=\"elementor-column elementor-col-33 elementor-top-column elementor-element elementor-element-a6976a0\" data-id=\"a6976a0\" data-element_type=\"column\">\n\t\t\t<div class=\"elementor-widget-wrap elementor-element-populated\">\n\t\t\t\t\t\t<div class=\"elementor-element elementor-element-2715726 elementor-widget elementor-widget-text-editor\" data-id=\"2715726\" data-element_type=\"widget\" data-widget_type=\"text-editor.default\">\n\t\t\t\t<div class=\"elementor-widget-container\">\n\t\t\t\t\t\t\t\t\t<p><span style=\"font-family: helvetica; color: #ffffff;\">\u00abAndalusia\u00bb es un pa\u00f1uelo de inspiraci\u00f3n andaluza que nos recuerda a los t\u00edpicos azulejos con los que todo andaluz se ha rodeado desde ni\u00f1o. Se trata de un pa\u00f1uelo con un estampado estilo pintado a mano con dos tonos de azul y blanco.<\/span><\/p>\t\t\t\t\t\t\t\t<\/div>\n\t\t\t\t<\/div>\n\t\t\t\t\t<\/div>\n\t\t<\/div>\n\t\t\t\t<div class=\"elementor-column elementor-col-66 elementor-top-column elementor-element elementor-element-b8be075\" data-id=\"b8be075\" data-element_type=\"column\">\n\t\t\t<div class=\"elementor-widget-wrap elementor-element-populated\">\n\t\t\t\t\t\t<div class=\"elementor-element elementor-element-c468132 elementor-widget elementor-widget-image\" data-id=\"c468132\" data-element_type=\"widget\" data-widget_type=\"image.default\">\n\t\t\t\t<div class=\"elementor-widget-container\">\n\t\t\t\t\t\t\t\t\t\t\t\t\t\t\t<img decoding=\"async\" width=\"950\" height=\"531\" src=\"https:\/\/dvls.estaciondiseno.es\/wp-content\/uploads\/2026\/02\/Mockup___Make_a_mockup_of_a_scarf_with_this_print__The_scarf_measures_70x70_cm_and_is_hanging_from_a_1-1024x572.png\" class=\"attachment-large size-large wp-image-397\" alt=\"\" srcset=\"https:\/\/dvls.estaciondiseno.es\/wp-content\/uploads\/2026\/02\/Mockup___Make_a_mockup_of_a_scarf_with_this_print__The_scarf_measures_70x70_cm_and_is_hanging_from_a_1-1024x572.png 1024w, https:\/\/dvls.estaciondiseno.es\/wp-content\/uploads\/2026\/02\/Mockup___Make_a_mockup_of_a_scarf_with_this_print__The_scarf_measures_70x70_cm_and_is_hanging_from_a_1-300x167.png 300w, https:\/\/dvls.estaciondiseno.es\/wp-content\/uploads\/2026\/02\/Mockup___Make_a_mockup_of_a_scarf_with_this_print__The_scarf_measures_70x70_cm_and_is_hanging_from_a_1-2000x1116.png 2000w, https:\/\/dvls.estaciondiseno.es\/wp-content\/uploads\/2026\/02\/Mockup___Make_a_mockup_of_a_scarf_with_this_print__The_scarf_measures_70x70_cm_and_is_hanging_from_a_1-scaled-1536x857.png 1536w, https:\/\/dvls.estaciondiseno.es\/wp-content\/uploads\/2026\/02\/Mockup___Make_a_mockup_of_a_scarf_with_this_print__The_scarf_measures_70x70_cm_and_is_hanging_from_a_1-scaled-2048x1143.png 2048w\" sizes=\"100vw\" \/>\t\t\t\t\t\t\t\t\t\t\t\t\t\t\t<\/div>\n\t\t\t\t<\/div>\n\t\t\t\t\t<\/div>\n\t\t<\/div>\n\t\t\t\t\t<\/div>\n\t\t<\/section>\n\t\t\t\t<section class=\"elementor-section elementor-top-section elementor-element elementor-element-b58308a elementor-section-boxed elementor-section-height-default elementor-section-height-default\" data-id=\"b58308a\" data-element_type=\"section\">\n\t\t\t\t\t\t<div class=\"elementor-container elementor-column-gap-default\">\n\t\t\t\t\t<div class=\"elementor-column elementor-col-100 elementor-top-column elementor-element elementor-element-b709597\" data-id=\"b709597\" data-element_type=\"column\">\n\t\t\t<div class=\"elementor-widget-wrap elementor-element-populated\">\n\t\t\t\t\t\t<div class=\"elementor-element elementor-element-b2a4aef elementor-widget elementor-widget-spacer\" data-id=\"b2a4aef\" data-element_type=\"widget\" data-widget_type=\"spacer.default\">\n\t\t\t\t<div class=\"elementor-widget-container\">\n\t\t\t\t\t\t\t<div class=\"elementor-spacer\">\n\t\t\t<div class=\"elementor-spacer-inner\"><\/div>\n\t\t<\/div>\n\t\t\t\t\t\t<\/div>\n\t\t\t\t<\/div>\n\t\t\t\t\t<\/div>\n\t\t<\/div>\n\t\t\t\t\t<\/div>\n\t\t<\/section>\n\t\t\t\t<section class=\"elementor-section elementor-top-section elementor-element elementor-element-a4cb5fa elementor-section-boxed elementor-section-height-default elementor-section-height-default\" data-id=\"a4cb5fa\" data-element_type=\"section\">\n\t\t\t\t\t\t<div class=\"elementor-container elementor-column-gap-default\">\n\t\t\t\t\t<div class=\"elementor-column elementor-col-66 elementor-top-column elementor-element elementor-element-0f47183\" data-id=\"0f47183\" data-element_type=\"column\">\n\t\t\t<div class=\"elementor-widget-wrap elementor-element-populated\">\n\t\t\t\t\t\t<div class=\"elementor-element elementor-element-a09b9f6 elementor-widget elementor-widget-image\" data-id=\"a09b9f6\" data-element_type=\"widget\" data-widget_type=\"image.default\">\n\t\t\t\t<div class=\"elementor-widget-container\">\n\t\t\t\t\t\t\t\t\t\t\t\t\t\t\t<img loading=\"lazy\" decoding=\"async\" width=\"950\" height=\"531\" src=\"https:\/\/dvls.estaciondiseno.es\/wp-content\/uploads\/2026\/02\/Mockup___Make_a_mockup_of_this_scarf_with_this_print__The_scarf_is_floating_in_the_sea__1-1024x572.png\" class=\"attachment-large size-large wp-image-398\" alt=\"\" srcset=\"https:\/\/dvls.estaciondiseno.es\/wp-content\/uploads\/2026\/02\/Mockup___Make_a_mockup_of_this_scarf_with_this_print__The_scarf_is_floating_in_the_sea__1-1024x572.png 1024w, https:\/\/dvls.estaciondiseno.es\/wp-content\/uploads\/2026\/02\/Mockup___Make_a_mockup_of_this_scarf_with_this_print__The_scarf_is_floating_in_the_sea__1-300x167.png 300w, https:\/\/dvls.estaciondiseno.es\/wp-content\/uploads\/2026\/02\/Mockup___Make_a_mockup_of_this_scarf_with_this_print__The_scarf_is_floating_in_the_sea__1-2000x1116.png 2000w, https:\/\/dvls.estaciondiseno.es\/wp-content\/uploads\/2026\/02\/Mockup___Make_a_mockup_of_this_scarf_with_this_print__The_scarf_is_floating_in_the_sea__1-scaled-1536x857.png 1536w, https:\/\/dvls.estaciondiseno.es\/wp-content\/uploads\/2026\/02\/Mockup___Make_a_mockup_of_this_scarf_with_this_print__The_scarf_is_floating_in_the_sea__1-scaled-2048x1143.png 2048w\" sizes=\"100vw\" \/>\t\t\t\t\t\t\t\t\t\t\t\t\t\t\t<\/div>\n\t\t\t\t<\/div>\n\t\t\t\t\t<\/div>\n\t\t<\/div>\n\t\t\t\t<div class=\"elementor-column elementor-col-33 elementor-top-column elementor-element elementor-element-01b2c16\" data-id=\"01b2c16\" data-element_type=\"column\">\n\t\t\t<div class=\"elementor-widget-wrap elementor-element-populated\">\n\t\t\t\t\t\t<div class=\"elementor-element elementor-element-c7de469 elementor-widget elementor-widget-text-editor\" data-id=\"c7de469\" data-element_type=\"widget\" data-widget_type=\"text-editor.default\">\n\t\t\t\t<div class=\"elementor-widget-container\">\n\t\t\t\t\t\t\t\t\t<p><span style=\"font-family: helvetica; color: #ffffff;\">\u00abMediterr\u00e1neo\u00bb es un pa\u00f1uelo blanco con reborde azul. En el reborde hay una repetici\u00f3n de estampados de conchas y caracolas marinas, mientras que en el centro hay un estampado peces de n\u00famero impar.<\/span><\/p><p><span style=\"color: #ffffff;\">Se trata de un pa\u00f1uelo inspirado en el mar, lugar al que muchas personas recurren para buscar tranquilidad.<\/span><\/p>\t\t\t\t\t\t\t\t<\/div>\n\t\t\t\t<\/div>\n\t\t\t\t\t<\/div>\n\t\t<\/div>\n\t\t\t\t\t<\/div>\n\t\t<\/section>\n\t\t\t\t<\/div>\n\t\t","protected":false},"excerpt":{"rendered":"<p>PA\u00d1UELOS El\u00a0pa\u00f1uelo \u00abNazar\u00ed\u00bb es una pieza con un dise\u00f1o \u00fanico inspirado en Granada. Este pa\u00f1uelo junto a \u00abFajalauza\u00bb conforma una colecci\u00f3n de dos dise\u00f1os que homenajean la ciudad y su gente. Se trata de un pa\u00f1uelo con colores saturados rojos y azules junto a un estampado propio conformado por granadas con elementos de azulejos en &hellip; <\/p>\n<p class=\"link-more\"><a href=\"https:\/\/dvls.estaciondiseno.es\/index.php\/panuelos\/\" class=\"more-link\">Leer m\u00e1s<span class=\"screen-reader-text\"> \u00abPA\u00d1UELOS\u00bb<\/span><\/a><\/p>\n","protected":false},"author":1,"featured_media":0,"parent":0,"menu_order":0,"comment_status":"closed","ping_status":"closed","template":"","meta":{"footnotes":""},"class_list":["post-394","page","type-page","status-publish","hentry"],"yoast_head":"<!-- This site is optimized with the Yoast SEO Premium plugin v20.12 (Yoast SEO v20.12) - https:\/\/yoast.com\/wordpress\/plugins\/seo\/ -->\n<title>PA\u00d1UELOS -<\/title>\n<meta name=\"robots\" content=\"index, follow, max-snippet:-1, max-image-preview:large, max-video-preview:-1\" \/>\n<link rel=\"canonical\" href=\"https:\/\/dvls.estaciondiseno.es\/index.php\/panuelos\/\" \/>\n<meta property=\"og:locale\" content=\"es_ES\" \/>\n<meta property=\"og:type\" content=\"article\" \/>\n<meta property=\"og:title\" content=\"PA\u00d1UELOS\" \/>\n<meta property=\"og:description\" content=\"PA\u00d1UELOS El\u00a0pa\u00f1uelo \u00abNazar\u00ed\u00bb es una pieza con un dise\u00f1o \u00fanico inspirado en Granada. Este pa\u00f1uelo junto a \u00abFajalauza\u00bb conforma una colecci\u00f3n de dos dise\u00f1os que homenajean la ciudad y su gente. Se trata de un pa\u00f1uelo con colores saturados rojos y azules junto a un estampado propio conformado por granadas con elementos de azulejos en &hellip; Leer m\u00e1s \u00abPA\u00d1UELOS\u00bb\" \/>\n<meta property=\"og:url\" content=\"https:\/\/dvls.estaciondiseno.es\/index.php\/panuelos\/\" \/>\n<meta property=\"article:modified_time\" content=\"2026-02-04T11:33:49+00:00\" \/>\n<meta property=\"og:image\" content=\"https:\/\/dvls.estaciondiseno.es\/wp-content\/uploads\/2026\/02\/Mockup___Make_a_mockup_of_this_print_on_a_scarf__The_scarf_is_slightly_crumpled_next_to_a_bright_red_4-scaled.png\" \/>\n<meta name=\"twitter:card\" content=\"summary_large_image\" \/>\n<meta name=\"twitter:label1\" content=\"Tiempo de lectura\" \/>\n\t<meta name=\"twitter:data1\" content=\"1 minuto\" \/>\n<script type=\"application\/ld+json\" class=\"yoast-schema-graph\">{\"@context\":\"https:\/\/schema.org\",\"@graph\":[{\"@type\":\"WebPage\",\"@id\":\"https:\/\/dvls.estaciondiseno.es\/index.php\/panuelos\/\",\"url\":\"https:\/\/dvls.estaciondiseno.es\/index.php\/panuelos\/\",\"name\":\"PA\u00d1UELOS -\",\"isPartOf\":{\"@id\":\"https:\/\/dvls.estaciondiseno.es\/#website\"},\"datePublished\":\"2026-02-04T11:18:45+00:00\",\"dateModified\":\"2026-02-04T11:33:49+00:00\",\"breadcrumb\":{\"@id\":\"https:\/\/dvls.estaciondiseno.es\/index.php\/panuelos\/#breadcrumb\"},\"inLanguage\":\"es\",\"potentialAction\":[{\"@type\":\"ReadAction\",\"target\":[\"https:\/\/dvls.estaciondiseno.es\/index.php\/panuelos\/\"]}]},{\"@type\":\"BreadcrumbList\",\"@id\":\"https:\/\/dvls.estaciondiseno.es\/index.php\/panuelos\/#breadcrumb\",\"itemListElement\":[{\"@type\":\"ListItem\",\"position\":1,\"name\":\"Home\",\"item\":\"https:\/\/dvls.estaciondiseno.es\/\"},{\"@type\":\"ListItem\",\"position\":2,\"name\":\"PA\u00d1UELOS\"}]},{\"@type\":\"WebSite\",\"@id\":\"https:\/\/dvls.estaciondiseno.es\/#website\",\"url\":\"https:\/\/dvls.estaciondiseno.es\/\",\"name\":\"\",\"description\":\"\",\"potentialAction\":[{\"@type\":\"SearchAction\",\"target\":{\"@type\":\"EntryPoint\",\"urlTemplate\":\"https:\/\/dvls.estaciondiseno.es\/?s={search_term_string}\"},\"query-input\":\"required name=search_term_string\"}],\"inLanguage\":\"es\"}]}<\/script>\n<!-- \/ Yoast SEO Premium plugin. -->","yoast_head_json":{"title":"PA\u00d1UELOS -","robots":{"index":"index","follow":"follow","max-snippet":"max-snippet:-1","max-image-preview":"max-image-preview:large","max-video-preview":"max-video-preview:-1"},"canonical":"https:\/\/dvls.estaciondiseno.es\/index.php\/panuelos\/","og_locale":"es_ES","og_type":"article","og_title":"PA\u00d1UELOS","og_description":"PA\u00d1UELOS El\u00a0pa\u00f1uelo \u00abNazar\u00ed\u00bb es una pieza con un dise\u00f1o \u00fanico inspirado en Granada. Este pa\u00f1uelo junto a \u00abFajalauza\u00bb conforma una colecci\u00f3n de dos dise\u00f1os que homenajean la ciudad y su gente. Se trata de un pa\u00f1uelo con colores saturados rojos y azules junto a un estampado propio conformado por granadas con elementos de azulejos en &hellip; Leer m\u00e1s \u00abPA\u00d1UELOS\u00bb","og_url":"https:\/\/dvls.estaciondiseno.es\/index.php\/panuelos\/","article_modified_time":"2026-02-04T11:33:49+00:00","og_image":[{"url":"https:\/\/dvls.estaciondiseno.es\/wp-content\/uploads\/2026\/02\/Mockup___Make_a_mockup_of_this_print_on_a_scarf__The_scarf_is_slightly_crumpled_next_to_a_bright_red_4-scaled.png"}],"twitter_card":"summary_large_image","twitter_misc":{"Tiempo de lectura":"1 minuto"},"schema":{"@context":"https:\/\/schema.org","@graph":[{"@type":"WebPage","@id":"https:\/\/dvls.estaciondiseno.es\/index.php\/panuelos\/","url":"https:\/\/dvls.estaciondiseno.es\/index.php\/panuelos\/","name":"PA\u00d1UELOS -","isPartOf":{"@id":"https:\/\/dvls.estaciondiseno.es\/#website"},"datePublished":"2026-02-04T11:18:45+00:00","dateModified":"2026-02-04T11:33:49+00:00","breadcrumb":{"@id":"https:\/\/dvls.estaciondiseno.es\/index.php\/panuelos\/#breadcrumb"},"inLanguage":"es","potentialAction":[{"@type":"ReadAction","target":["https:\/\/dvls.estaciondiseno.es\/index.php\/panuelos\/"]}]},{"@type":"BreadcrumbList","@id":"https:\/\/dvls.estaciondiseno.es\/index.php\/panuelos\/#breadcrumb","itemListElement":[{"@type":"ListItem","position":1,"name":"Home","item":"https:\/\/dvls.estaciondiseno.es\/"},{"@type":"ListItem","position":2,"name":"PA\u00d1UELOS"}]},{"@type":"WebSite","@id":"https:\/\/dvls.estaciondiseno.es\/#website","url":"https:\/\/dvls.estaciondiseno.es\/","name":"","description":"","potentialAction":[{"@type":"SearchAction","target":{"@type":"EntryPoint","urlTemplate":"https:\/\/dvls.estaciondiseno.es\/?s={search_term_string}"},"query-input":"required name=search_term_string"}],"inLanguage":"es"}]}},"_links":{"self":[{"href":"https:\/\/dvls.estaciondiseno.es\/index.php\/wp-json\/wp\/v2\/pages\/394","targetHints":{"allow":["GET"]}}],"collection":[{"href":"https:\/\/dvls.estaciondiseno.es\/index.php\/wp-json\/wp\/v2\/pages"}],"about":[{"href":"https:\/\/dvls.estaciondiseno.es\/index.php\/wp-json\/wp\/v2\/types\/page"}],"author":[{"embeddable":true,"href":"https:\/\/dvls.estaciondiseno.es\/index.php\/wp-json\/wp\/v2\/users\/1"}],"replies":[{"embeddable":true,"href":"https:\/\/dvls.estaciondiseno.es\/index.php\/wp-json\/wp\/v2\/comments?post=394"}],"version-history":[{"count":7,"href":"https:\/\/dvls.estaciondiseno.es\/index.php\/wp-json\/wp\/v2\/pages\/394\/revisions"}],"predecessor-version":[{"id":406,"href":"https:\/\/dvls.estaciondiseno.es\/index.php\/wp-json\/wp\/v2\/pages\/394\/revisions\/406"}],"wp:attachment":[{"href":"https:\/\/dvls.estaciondiseno.es\/index.php\/wp-json\/wp\/v2\/media?parent=394"}],"curies":[{"name":"wp","href":"https:\/\/api.w.org\/{rel}","templated":true}]}}